{"id":1263,"date":"2025-08-06T11:37:16","date_gmt":"2025-08-06T09:37:16","guid":{"rendered":"https:\/\/www.parodieparodi.it\/lentreprise\/"},"modified":"2026-01-14T12:12:18","modified_gmt":"2026-01-14T11:12:18","slug":"lentreprise","status":"publish","type":"page","link":"https:\/\/www.parodieparodi.it\/fr\/lentreprise\/","title":{"rendered":"L&rsquo;entreprise"},"content":{"rendered":"\t\t<div data-elementor-type=\"wp-post\" data-elementor-id=\"1263\" class=\"elementor elementor-1263 elementor-12\" data-elementor-post-type=\"page\">\n\t\t\t\t<div class=\"elementor-element elementor-element-c4f83b7 e-flex e-con-boxed e-con e-parent\" data-id=\"c4f83b7\" data-element_type=\"container\">\n\t\t\t\t\t<div class=\"e-con-inner\">\n\t\t<div class=\"elementor-element elementor-element-b8367b9 e-con-full e-flex e-con e-child\" data-id=\"b8367b9\" data-element_type=\"container\">\n\t\t\t\t<div class=\"elementor-element elementor-element-effa990 elementor-widget elementor-widget-image\" data-id=\"effa990\" data-element_type=\"widget\" data-widget_type=\"image.default\">\n\t\t\t\t<div class=\"elementor-widget-container\">\n\t\t\t\t\t\t\t\t\t\t\t\t\t\t\t<img fetchpriority=\"high\" decoding=\"async\" width=\"1157\" height=\"847\" src=\"https:\/\/www.parodieparodi.it\/wp-content\/uploads\/2025\/08\/Porta-Ingresso.jpg\" class=\"attachment-full size-full wp-image-1256\" alt=\"\" srcset=\"https:\/\/www.parodieparodi.it\/wp-content\/uploads\/2025\/08\/Porta-Ingresso.jpg 1157w, https:\/\/www.parodieparodi.it\/wp-content\/uploads\/2025\/08\/Porta-Ingresso-300x220.jpg 300w, https:\/\/www.parodieparodi.it\/wp-content\/uploads\/2025\/08\/Porta-Ingresso-1024x750.jpg 1024w, https:\/\/www.parodieparodi.it\/wp-content\/uploads\/2025\/08\/Porta-Ingresso-768x562.jpg 768w\" sizes=\"(max-width: 1157px) 100vw, 1157px\" \/>\t\t\t\t\t\t\t\t\t\t\t\t\t\t\t<\/div>\n\t\t\t\t<\/div>\n\t\t\t\t<\/div>\n\t\t<div class=\"elementor-element elementor-element-16f9696 e-con-full e-flex e-con e-child\" data-id=\"16f9696\" data-element_type=\"container\">\n\t\t\t\t<div class=\"elementor-element elementor-element-86dca8c elementor-widget elementor-widget-heading\" data-id=\"86dca8c\" data-element_type=\"widget\" data-widget_type=\"heading.default\">\n\t\t\t\t<div class=\"elementor-widget-container\">\n\t\t\t\t\t<h2 class=\"elementor-heading-title elementor-size-default\">L'entreprise<\/h2>\t\t\t\t<\/div>\n\t\t\t\t<\/div>\n\t\t\t\t<div class=\"elementor-element elementor-element-bdd091a elementor-widget elementor-widget-text-editor\" data-id=\"bdd091a\" data-element_type=\"widget\" data-widget_type=\"text-editor.default\">\n\t\t\t\t<div class=\"elementor-widget-container\">\n\t\t\t\t\t\t\t\t\t<p>Fond\u00e9e en 1969 par Giuseppe Parodi, P&#038;P est aujourd&rsquo;hui une entreprise dynamique, rassemblant de jeunes talents et des professionnels exp\u00e9riment\u00e9s. Certains travaillent au si\u00e8ge, d&rsquo;autres soutiennent nos clients sur le terrain.<br \/>Notre projet est ambitieux et si vous souhaitez le d\u00e9couvrir, notre \u00e9quipe et notre super-h\u00e9ros Super Asco se tiennent \u00e0 votre disposition. L&rsquo;innovation produit, les lignes sp\u00e9cialis\u00e9es pour la maison, le service client et la qualit\u00e9 sont \u00e0 la base de notre quotidien. Naturellement, nous sommes certifi\u00e9s ISO 9001 !<\/p>\n\t\t\t\t\t\t\t\t<\/div>\n\t\t\t\t<\/div>\n\t\t\t\t<\/div>\n\t\t\t\t\t<\/div>\n\t\t\t\t<\/div>\n\t\t<div class=\"elementor-element elementor-element-20cacaf e-flex e-con-boxed e-con e-parent\" data-id=\"20cacaf\" data-element_type=\"container\">\n\t\t\t\t\t<div class=\"e-con-inner\">\n\t\t<div class=\"elementor-element elementor-element-6f22b33 e-con-full e-flex e-con e-child\" data-id=\"6f22b33\" data-element_type=\"container\">\n\t\t\t\t<div class=\"elementor-element elementor-element-cfdf513 elementor-widget elementor-widget-heading\" data-id=\"cfdf513\" data-element_type=\"widget\" data-widget_type=\"heading.default\">\n\t\t\t\t<div class=\"elementor-widget-container\">\n\t\t\t\t\t<h2 class=\"elementor-heading-title elementor-size-default\">Il y a une ambiance de maison ici<\/h2>\t\t\t\t<\/div>\n\t\t\t\t<\/div>\n\t\t\t\t<div class=\"elementor-element elementor-element-0453c75 elementor-widget elementor-widget-text-editor\" data-id=\"0453c75\" data-element_type=\"widget\" data-widget_type=\"text-editor.default\">\n\t\t\t\t<div class=\"elementor-widget-container\">\n\t\t\t\t\t\t\t\t\t<p>Notre slogan parle de qui nous sommes et de notre fa\u00e7on de travailler. Depuis de nombreuses ann\u00e9es, nous cr\u00e9ons des produits r\u00e9pondant \u00e0 mille petits besoins quotidiens.<br \/>Nous \u00e9coutons vos besoins non seulement en tant qu&rsquo;entreprise, mais aussi en tant que \u00ab maison \u00bb. Notre petite communaut\u00e9 est compos\u00e9e de personnes qui se mobilisent chaque jour pour r\u00e9aliser des objectifs petits et grands, pour concr\u00e9tiser de petits et grands r\u00eaves. Nous esp\u00e9rons que nos produits vous transmettront un peu de tout cela et vous feront respirer aussi cette ambiance de maison.<\/p>\n\t\t\t\t\t\t\t\t<\/div>\n\t\t\t\t<\/div>\n\t\t\t\t<\/div>\n\t\t<div class=\"elementor-element elementor-element-9114bbb e-con-full e-flex e-con e-child\" data-id=\"9114bbb\" data-element_type=\"container\">\n\t\t\t\t<div class=\"elementor-element elementor-element-c014fe7 elementor-widget elementor-widget-image\" data-id=\"c014fe7\" data-element_type=\"widget\" data-widget_type=\"image.default\">\n\t\t\t\t<div class=\"elementor-widget-container\">\n\t\t\t\t\t\t\t\t\t\t\t\t\t\t\t<img decoding=\"async\" width=\"428\" height=\"428\" src=\"https:\/\/www.parodieparodi.it\/wp-content\/uploads\/2025\/09\/parodi_slogan_aria_casa.png\" class=\"attachment-full size-full wp-image-1257\" alt=\"\" srcset=\"https:\/\/www.parodieparodi.it\/wp-content\/uploads\/2025\/09\/parodi_slogan_aria_casa.png 428w, https:\/\/www.parodieparodi.it\/wp-content\/uploads\/2025\/09\/parodi_slogan_aria_casa-300x300.png 300w, https:\/\/www.parodieparodi.it\/wp-content\/uploads\/2025\/09\/parodi_slogan_aria_casa-150x150.png 150w\" sizes=\"(max-width: 428px) 100vw, 428px\" \/>\t\t\t\t\t\t\t\t\t\t\t\t\t\t\t<\/div>\n\t\t\t\t<\/div>\n\t\t\t\t<\/div>\n\t\t\t\t\t<\/div>\n\t\t\t\t<\/div>\n\t\t<div class=\"elementor-element elementor-element-a2ce2e4 e-flex e-con-boxed e-con e-parent\" data-id=\"a2ce2e4\" data-element_type=\"container\">\n\t\t\t\t\t<div class=\"e-con-inner\">\n\t\t<div class=\"elementor-element elementor-element-15afe6a e-con-full e-flex e-con e-child\" data-id=\"15afe6a\" data-element_type=\"container\">\n\t\t\t\t<div class=\"elementor-element elementor-element-4f15def elementor-widget elementor-widget-image\" data-id=\"4f15def\" data-element_type=\"widget\" data-widget_type=\"image.default\">\n\t\t\t\t<div class=\"elementor-widget-container\">\n\t\t\t\t\t\t\t\t\t\t\t\t<figure class=\"wp-caption\">\n\t\t\t\t\t\t\t\t\t\t<img decoding=\"async\" width=\"800\" height=\"600\" src=\"https:\/\/www.parodieparodi.it\/wp-content\/uploads\/2025\/09\/team-1-1024x768.png\" class=\"attachment-large size-large wp-image-1258\" alt=\"\" srcset=\"https:\/\/www.parodieparodi.it\/wp-content\/uploads\/2025\/09\/team-1-1024x768.png 1024w, https:\/\/www.parodieparodi.it\/wp-content\/uploads\/2025\/09\/team-1-300x225.png 300w, https:\/\/www.parodieparodi.it\/wp-content\/uploads\/2025\/09\/team-1-768x576.png 768w, https:\/\/www.parodieparodi.it\/wp-content\/uploads\/2025\/09\/team-1.png 1440w\" sizes=\"(max-width: 800px) 100vw, 800px\" \/>\t\t\t\t\t\t\t\t\t\t\t<figcaption class=\"widget-image-caption wp-caption-text\">L'\u00e9quipe Parodi &amp; Parodi<\/figcaption>\n\t\t\t\t\t\t\t\t\t\t<\/figure>\n\t\t\t\t\t\t\t\t\t<\/div>\n\t\t\t\t<\/div>\n\t\t\t\t<\/div>\n\t\t<div class=\"elementor-element elementor-element-269207c e-con-full e-flex e-con e-child\" data-id=\"269207c\" data-element_type=\"container\">\n\t\t\t\t<div class=\"elementor-element elementor-element-a9b54d4 elementor-widget elementor-widget-heading\" data-id=\"a9b54d4\" data-element_type=\"widget\" data-widget_type=\"heading.default\">\n\t\t\t\t<div class=\"elementor-widget-container\">\n\t\t\t\t\t<h2 class=\"elementor-heading-title elementor-size-default\">Les personnes<\/h2>\t\t\t\t<\/div>\n\t\t\t\t<\/div>\n\t\t\t\t<div class=\"elementor-element elementor-element-202ea32 elementor-widget elementor-widget-text-editor\" data-id=\"202ea32\" data-element_type=\"widget\" data-widget_type=\"text-editor.default\">\n\t\t\t\t<div class=\"elementor-widget-container\">\n\t\t\t\t\t\t\t\t\t<p>Notre entreprise a toujours cru que les personnes constituent la v\u00e9ritable valeur de l&rsquo;entreprise. Depuis sa cr\u00e9ation, nous avons toujours valoris\u00e9 et d\u00e9velopp\u00e9 les talents qui la composent, en croyant fortement en eux et en instaurant des relations de confiance et d&rsquo;estime mutuelle.<br \/>\u00c0 partir de 2009, nous avons con\u00e7u une initiative d\u00e9di\u00e9e \u00e0 la reconnaissance et \u00e0 la fid\u00e9lisation accrue de nos collaborateurs, mettant en \u0153uvre un programme complet de d\u00e9veloppement de nos ressources.<br \/>Le d\u00e9fi initial \u00e9tait de devenir \u00ab un groupe excellent client-centrique \u00bb : une \u00e9quipe de professionnels form\u00e9s et matures en comp\u00e9tences et capacit\u00e9s, capable d&rsquo;\u00e9lever les standards de l&rsquo;entreprise et de s&rsquo;orienter vers l&rsquo;ext\u00e9rieur, vers nos clients et parties prenantes, dans une satisfaction personnelle et professionnelle totale.<br \/>Le projet s&rsquo;est pleinement r\u00e9alis\u00e9 et est devenu \u00ab permanent \u00bb. L&rsquo;entreprise a institu\u00e9 un r\u00f4le de \u00ab Responsable Ressources Humaines et Environnement de travail \u00bb qui soutient, accompagne et coordonne le d\u00e9veloppement, la formation et le bien-\u00eatre physique et mental de tous les collaborateurs Parodi &#038; Parodi.<\/p>\n\t\t\t\t\t\t\t\t<\/div>\n\t\t\t\t<\/div>\n\t\t\t\t<\/div>\n\t\t\t\t\t<\/div>\n\t\t\t\t<\/div>\n\t\t<div class=\"elementor-element elementor-element-8a6d9fa e-flex e-con-boxed e-con e-parent\" data-id=\"8a6d9fa\" data-element_type=\"container\">\n\t\t\t\t\t<div class=\"e-con-inner\">\n\t\t<div class=\"elementor-element elementor-element-9b46c83 e-con-full e-flex e-con e-child\" data-id=\"9b46c83\" data-element_type=\"container\">\n\t\t\t\t<div class=\"elementor-element elementor-element-5317211 elementor-widget elementor-widget-heading\" data-id=\"5317211\" data-element_type=\"widget\" data-widget_type=\"heading.default\">\n\t\t\t\t<div class=\"elementor-widget-container\">\n\t\t\t\t\t<h2 class=\"elementor-heading-title elementor-size-default\">Notre si\u00e8ge social<\/h2>\t\t\t\t<\/div>\n\t\t\t\t<\/div>\n\t\t\t\t<div class=\"elementor-element elementor-element-983526c elementor-widget elementor-widget-text-editor\" data-id=\"983526c\" data-element_type=\"widget\" data-widget_type=\"text-editor.default\">\n\t\t\t\t<div class=\"elementor-widget-container\">\n\t\t\t\t\t\t\t\t\t<p>Une grande partie des id\u00e9es et des produits Parodi &#038; Parodi na\u00eet dans un lieu riche d&rsquo;histoire et de culture : un ancien moulin du d\u00e9but des ann\u00e9es 1900 enti\u00e8rement restaur\u00e9 en accord avec les autorit\u00e9s de conservation du patrimoine de Ligurie.<br \/>La logistique et l&rsquo;activit\u00e9 de production sont situ\u00e9es dans d&rsquo;autres b\u00e2timents, toujours en province de G\u00eanes.<br \/>Des visites guid\u00e9es sont possibles sur demande. Les d\u00e9cors sont l&rsquo;\u0153uvre de Giuseppe Noli, l&rsquo;un des principaux cr\u00e9ateurs de cet art caract\u00e9ristique de G\u00eanes et des villages historiques ligures qui s&rsquo;\u00e9tendaient autour de la Superba, sur les mers et les montagnes.<br \/>Les d\u00e9cors ornant le si\u00e8ge de Parodi &#038; Parodi sont l&rsquo;un des plus beaux exemples locaux de ces \u0153uvres raffin\u00e9es.<\/p>\n\t\t\t\t\t\t\t\t<\/div>\n\t\t\t\t<\/div>\n\t\t\t\t<\/div>\n\t\t<div class=\"elementor-element elementor-element-3083a70 e-con-full e-flex e-con e-child\" data-id=\"3083a70\" data-element_type=\"container\">\n\t\t\t\t<div class=\"elementor-element elementor-element-ed57ab9 elementor--h-position-center elementor--v-position-middle elementor-arrows-position-inside elementor-pagination-position-inside elementor-widget elementor-widget-slides\" data-id=\"ed57ab9\" data-element_type=\"widget\" data-settings=\"{&quot;navigation&quot;:&quot;both&quot;,&quot;autoplay&quot;:&quot;yes&quot;,&quot;pause_on_hover&quot;:&quot;yes&quot;,&quot;pause_on_interaction&quot;:&quot;yes&quot;,&quot;autoplay_speed&quot;:5000,&quot;infinite&quot;:&quot;yes&quot;,&quot;transition&quot;:&quot;slide&quot;,&quot;transition_speed&quot;:500}\" data-widget_type=\"slides.default\">\n\t\t\t\t<div class=\"elementor-widget-container\">\n\t\t\t\t\t\t\t\t\t<div class=\"elementor-swiper\">\n\t\t\t\t\t<div class=\"elementor-slides-wrapper elementor-main-swiper swiper\" role=\"region\" aria-roledescription=\"carousel\" aria-label=\"Slides\" dir=\"ltr\" data-animation=\"fadeInUp\">\n\t\t\t\t<div class=\"swiper-wrapper elementor-slides\">\n\t\t\t\t\t\t\t\t\t\t<div class=\"elementor-repeater-item-b7d9571 swiper-slide\" role=\"group\" aria-roledescription=\"slide\"><div class=\"swiper-slide-bg\" role=\"img\" aria-label=\"parodi_facciata_01\"><\/div><div class=\"swiper-slide-inner\" ><div class=\"swiper-slide-contents\"><\/div><\/div><\/div><div class=\"elementor-repeater-item-6aaa186 swiper-slide\" role=\"group\" aria-roledescription=\"slide\"><div class=\"swiper-slide-bg\" role=\"img\" aria-label=\"parodi_immagine_azienda_04\"><\/div><div class=\"swiper-slide-inner\" ><div class=\"swiper-slide-contents\"><\/div><\/div><\/div><div class=\"elementor-repeater-item-cfbb0b1 swiper-slide\" role=\"group\" aria-roledescription=\"slide\"><div class=\"swiper-slide-bg\" role=\"img\" aria-label=\"parodi_immagine_azienda_05\"><\/div><div class=\"swiper-slide-inner\" ><div class=\"swiper-slide-contents\"><\/div><\/div><\/div><div class=\"elementor-repeater-item-9483660 swiper-slide\" role=\"group\" aria-roledescription=\"slide\"><div class=\"swiper-slide-bg\" role=\"img\" aria-label=\"P&amp;P 3\"><\/div><div class=\"swiper-slide-inner\" ><div class=\"swiper-slide-contents\"><\/div><\/div><\/div>\t\t\t\t<\/div>\n\t\t\t\t\t\t\t\t\t\t\t\t\t\t\t<div class=\"elementor-swiper-button elementor-swiper-button-prev\" role=\"button\" tabindex=\"0\" aria-label=\"Diapositive pr\u00e9c\u00e9dente\">\n\t\t\t\t\t\t\t<svg aria-hidden=\"true\" class=\"e-font-icon-svg e-eicon-chevron-left\" viewBox=\"0 0 1000 1000\" xmlns=\"http:\/\/www.w3.org\/2000\/svg\"><path d=\"M646 125C629 125 613 133 604 142L308 442C296 454 292 471 292 487 292 504 296 521 308 533L604 854C617 867 629 875 646 875 663 875 679 871 692 858 704 846 713 829 713 812 713 796 708 779 692 767L438 487 692 225C700 217 708 204 708 187 708 171 704 154 692 142 675 129 663 125 646 125Z\"><\/path><\/svg>\t\t\t\t\t\t<\/div>\n\t\t\t\t\t\t<div class=\"elementor-swiper-button elementor-swiper-button-next\" role=\"button\" tabindex=\"0\" aria-label=\"Diapositive suivante\">\n\t\t\t\t\t\t\t<svg aria-hidden=\"true\" class=\"e-font-icon-svg e-eicon-chevron-right\" viewBox=\"0 0 1000 1000\" xmlns=\"http:\/\/www.w3.org\/2000\/svg\"><path d=\"M696 533C708 521 713 504 713 487 713 471 708 454 696 446L400 146C388 133 375 125 354 125 338 125 325 129 313 142 300 154 292 171 292 187 292 204 296 221 308 233L563 492 304 771C292 783 288 800 288 817 288 833 296 850 308 863 321 871 338 875 354 875 371 875 388 867 400 854L696 533Z\"><\/path><\/svg>\t\t\t\t\t\t<\/div>\n\t\t\t\t\t\t\t\t\t\t\t\t\t\t\t\t<div class=\"swiper-pagination\"><\/div>\n\t\t\t\t\t\t\t\t\t\t\t\t<\/div>\n\t\t\t\t<\/div>\n\t\t\t\t\t\t\t\t<\/div>\n\t\t\t\t<\/div>\n\t\t\t\t<\/div>\n\t\t\t\t\t<\/div>\n\t\t\t\t<\/div>\n\t\t\t\t<\/div>\n\t\t","protected":false},"excerpt":{"rendered":"<p>L&rsquo;entreprise Fond\u00e9e en 1969 par Giuseppe Parodi, P&#038;P est aujourd&rsquo;hui une entreprise dynamique, rassemblant de jeunes talents et des professionnels exp\u00e9riment\u00e9s. Certains travaillent au si\u00e8ge, d&rsquo;autres soutiennent nos clients sur le terrain.Notre projet est ambitieux et si vous souhaitez le d\u00e9couvrir, notre \u00e9quipe et notre super-h\u00e9ros Super Asco se tiennent \u00e0 votre disposition. L&rsquo;innovation produit, [&hellip;]<\/p>\n","protected":false},"author":1,"featured_media":0,"parent":0,"menu_order":0,"comment_status":"closed","ping_status":"closed","template":"","meta":{"footnotes":""},"class_list":["post-1263","page","type-page","status-publish","hentry"],"yoast_head":"<!-- This site is optimized with the Yoast SEO plugin v26.1.1 - https:\/\/yoast.com\/wordpress\/plugins\/seo\/ -->\n<title>L&#039;entreprise - Parodi &amp; Parodi<\/title>\n<meta name=\"robots\" content=\"index, follow, max-snippet:-1, max-image-preview:large, max-video-preview:-1\" \/>\n<link rel=\"canonical\" href=\"https:\/\/www.parodieparodi.it\/fr\/lentreprise\/\" \/>\n<meta property=\"og:locale\" content=\"fr_FR\" \/>\n<meta property=\"og:type\" content=\"article\" \/>\n<meta property=\"og:title\" content=\"L&#039;entreprise - Parodi &amp; Parodi\" \/>\n<meta property=\"og:description\" content=\"L&rsquo;entreprise Fond\u00e9e en 1969 par Giuseppe Parodi, P&#038;P est aujourd&rsquo;hui une entreprise dynamique, rassemblant de jeunes talents et des professionnels exp\u00e9riment\u00e9s. Certains travaillent au si\u00e8ge, d&rsquo;autres soutiennent nos clients sur le terrain.Notre projet est ambitieux et si vous souhaitez le d\u00e9couvrir, notre \u00e9quipe et notre super-h\u00e9ros Super Asco se tiennent \u00e0 votre disposition. L&rsquo;innovation produit, [&hellip;]\" \/>\n<meta property=\"og:url\" content=\"https:\/\/www.parodieparodi.it\/fr\/lentreprise\/\" \/>\n<meta property=\"og:site_name\" content=\"Parodi &amp; Parodi\" \/>\n<meta property=\"article:publisher\" content=\"https:\/\/www.facebook.com\/parodieparodi\" \/>\n<meta property=\"article:modified_time\" content=\"2026-01-14T11:12:18+00:00\" \/>\n<meta property=\"og:image\" content=\"https:\/\/www.parodieparodi.it\/wp-content\/uploads\/2025\/08\/Porta-Ingresso.jpg\" \/>\n\t<meta property=\"og:image:width\" content=\"1157\" \/>\n\t<meta property=\"og:image:height\" content=\"847\" \/>\n\t<meta property=\"og:image:type\" content=\"image\/jpeg\" \/>\n<meta name=\"twitter:card\" content=\"summary_large_image\" \/>\n<meta name=\"twitter:label1\" content=\"Dur\u00e9e de lecture estim\u00e9e\" \/>\n\t<meta name=\"twitter:data1\" content=\"3 minutes\" \/>\n<script type=\"application\/ld+json\" class=\"yoast-schema-graph\">{\"@context\":\"https:\/\/schema.org\",\"@graph\":[{\"@type\":\"WebPage\",\"@id\":\"https:\/\/www.parodieparodi.it\/fr\/lentreprise\/\",\"url\":\"https:\/\/www.parodieparodi.it\/fr\/lentreprise\/\",\"name\":\"L'entreprise - Parodi &amp; Parodi\",\"isPartOf\":{\"@id\":\"https:\/\/www.parodieparodi.it\/fr\/#website\"},\"primaryImageOfPage\":{\"@id\":\"https:\/\/www.parodieparodi.it\/fr\/lentreprise\/#primaryimage\"},\"image\":{\"@id\":\"https:\/\/www.parodieparodi.it\/fr\/lentreprise\/#primaryimage\"},\"thumbnailUrl\":\"https:\/\/www.parodieparodi.it\/wp-content\/uploads\/2025\/08\/Porta-Ingresso.jpg\",\"datePublished\":\"2025-08-06T09:37:16+00:00\",\"dateModified\":\"2026-01-14T11:12:18+00:00\",\"breadcrumb\":{\"@id\":\"https:\/\/www.parodieparodi.it\/fr\/lentreprise\/#breadcrumb\"},\"inLanguage\":\"fr-FR\",\"potentialAction\":[{\"@type\":\"ReadAction\",\"target\":[\"https:\/\/www.parodieparodi.it\/fr\/lentreprise\/\"]}]},{\"@type\":\"ImageObject\",\"inLanguage\":\"fr-FR\",\"@id\":\"https:\/\/www.parodieparodi.it\/fr\/lentreprise\/#primaryimage\",\"url\":\"https:\/\/www.parodieparodi.it\/wp-content\/uploads\/2025\/08\/Porta-Ingresso.jpg\",\"contentUrl\":\"https:\/\/www.parodieparodi.it\/wp-content\/uploads\/2025\/08\/Porta-Ingresso.jpg\"},{\"@type\":\"BreadcrumbList\",\"@id\":\"https:\/\/www.parodieparodi.it\/fr\/lentreprise\/#breadcrumb\",\"itemListElement\":[{\"@type\":\"ListItem\",\"position\":1,\"name\":\"Home\",\"item\":\"https:\/\/www.parodieparodi.it\/fr\/\"},{\"@type\":\"ListItem\",\"position\":2,\"name\":\"L&rsquo;entreprise\"}]},{\"@type\":\"WebSite\",\"@id\":\"https:\/\/www.parodieparodi.it\/fr\/#website\",\"url\":\"https:\/\/www.parodieparodi.it\/fr\/\",\"name\":\"Parodi & Parodi\",\"description\":\"\",\"publisher\":{\"@id\":\"https:\/\/www.parodieparodi.it\/fr\/#organization\"},\"potentialAction\":[{\"@type\":\"SearchAction\",\"target\":{\"@type\":\"EntryPoint\",\"urlTemplate\":\"https:\/\/www.parodieparodi.it\/fr\/?s={search_term_string}\"},\"query-input\":{\"@type\":\"PropertyValueSpecification\",\"valueRequired\":true,\"valueName\":\"search_term_string\"}}],\"inLanguage\":\"fr-FR\"},{\"@type\":\"Organization\",\"@id\":\"https:\/\/www.parodieparodi.it\/fr\/#organization\",\"name\":\"Parodi & Parodi\",\"url\":\"https:\/\/www.parodieparodi.it\/fr\/\",\"logo\":{\"@type\":\"ImageObject\",\"inLanguage\":\"fr-FR\",\"@id\":\"https:\/\/www.parodieparodi.it\/fr\/#\/schema\/logo\/image\/\",\"url\":\"https:\/\/www.parodieparodi.it\/wp-content\/uploads\/2025\/06\/logo_parodiparodi.png\",\"contentUrl\":\"https:\/\/www.parodieparodi.it\/wp-content\/uploads\/2025\/06\/logo_parodiparodi.png\",\"width\":141,\"height\":111,\"caption\":\"Parodi & Parodi\"},\"image\":{\"@id\":\"https:\/\/www.parodieparodi.it\/fr\/#\/schema\/logo\/image\/\"},\"sameAs\":[\"https:\/\/www.facebook.com\/parodieparodi\",\"https:\/\/www.linkedin.com\/company\/parodieparodi\/\",\"https:\/\/www.instagram.com\/parodieparodidal1969\/\"]}]}<\/script>\n<!-- \/ Yoast SEO plugin. -->","yoast_head_json":{"title":"L'entreprise - Parodi &amp; Parodi","robots":{"index":"index","follow":"follow","max-snippet":"max-snippet:-1","max-image-preview":"max-image-preview:large","max-video-preview":"max-video-preview:-1"},"canonical":"https:\/\/www.parodieparodi.it\/fr\/lentreprise\/","og_locale":"fr_FR","og_type":"article","og_title":"L'entreprise - Parodi &amp; Parodi","og_description":"L&rsquo;entreprise Fond\u00e9e en 1969 par Giuseppe Parodi, P&#038;P est aujourd&rsquo;hui une entreprise dynamique, rassemblant de jeunes talents et des professionnels exp\u00e9riment\u00e9s. Certains travaillent au si\u00e8ge, d&rsquo;autres soutiennent nos clients sur le terrain.Notre projet est ambitieux et si vous souhaitez le d\u00e9couvrir, notre \u00e9quipe et notre super-h\u00e9ros Super Asco se tiennent \u00e0 votre disposition. L&rsquo;innovation produit, [&hellip;]","og_url":"https:\/\/www.parodieparodi.it\/fr\/lentreprise\/","og_site_name":"Parodi &amp; Parodi","article_publisher":"https:\/\/www.facebook.com\/parodieparodi","article_modified_time":"2026-01-14T11:12:18+00:00","og_image":[{"width":1157,"height":847,"url":"https:\/\/www.parodieparodi.it\/wp-content\/uploads\/2025\/08\/Porta-Ingresso.jpg","type":"image\/jpeg"}],"twitter_card":"summary_large_image","twitter_misc":{"Dur\u00e9e de lecture estim\u00e9e":"3 minutes"},"schema":{"@context":"https:\/\/schema.org","@graph":[{"@type":"WebPage","@id":"https:\/\/www.parodieparodi.it\/fr\/lentreprise\/","url":"https:\/\/www.parodieparodi.it\/fr\/lentreprise\/","name":"L'entreprise - Parodi &amp; Parodi","isPartOf":{"@id":"https:\/\/www.parodieparodi.it\/fr\/#website"},"primaryImageOfPage":{"@id":"https:\/\/www.parodieparodi.it\/fr\/lentreprise\/#primaryimage"},"image":{"@id":"https:\/\/www.parodieparodi.it\/fr\/lentreprise\/#primaryimage"},"thumbnailUrl":"https:\/\/www.parodieparodi.it\/wp-content\/uploads\/2025\/08\/Porta-Ingresso.jpg","datePublished":"2025-08-06T09:37:16+00:00","dateModified":"2026-01-14T11:12:18+00:00","breadcrumb":{"@id":"https:\/\/www.parodieparodi.it\/fr\/lentreprise\/#breadcrumb"},"inLanguage":"fr-FR","potentialAction":[{"@type":"ReadAction","target":["https:\/\/www.parodieparodi.it\/fr\/lentreprise\/"]}]},{"@type":"ImageObject","inLanguage":"fr-FR","@id":"https:\/\/www.parodieparodi.it\/fr\/lentreprise\/#primaryimage","url":"https:\/\/www.parodieparodi.it\/wp-content\/uploads\/2025\/08\/Porta-Ingresso.jpg","contentUrl":"https:\/\/www.parodieparodi.it\/wp-content\/uploads\/2025\/08\/Porta-Ingresso.jpg"},{"@type":"BreadcrumbList","@id":"https:\/\/www.parodieparodi.it\/fr\/lentreprise\/#breadcrumb","itemListElement":[{"@type":"ListItem","position":1,"name":"Home","item":"https:\/\/www.parodieparodi.it\/fr\/"},{"@type":"ListItem","position":2,"name":"L&rsquo;entreprise"}]},{"@type":"WebSite","@id":"https:\/\/www.parodieparodi.it\/fr\/#website","url":"https:\/\/www.parodieparodi.it\/fr\/","name":"Parodi & Parodi","description":"","publisher":{"@id":"https:\/\/www.parodieparodi.it\/fr\/#organization"},"potentialAction":[{"@type":"SearchAction","target":{"@type":"EntryPoint","urlTemplate":"https:\/\/www.parodieparodi.it\/fr\/?s={search_term_string}"},"query-input":{"@type":"PropertyValueSpecification","valueRequired":true,"valueName":"search_term_string"}}],"inLanguage":"fr-FR"},{"@type":"Organization","@id":"https:\/\/www.parodieparodi.it\/fr\/#organization","name":"Parodi & Parodi","url":"https:\/\/www.parodieparodi.it\/fr\/","logo":{"@type":"ImageObject","inLanguage":"fr-FR","@id":"https:\/\/www.parodieparodi.it\/fr\/#\/schema\/logo\/image\/","url":"https:\/\/www.parodieparodi.it\/wp-content\/uploads\/2025\/06\/logo_parodiparodi.png","contentUrl":"https:\/\/www.parodieparodi.it\/wp-content\/uploads\/2025\/06\/logo_parodiparodi.png","width":141,"height":111,"caption":"Parodi & Parodi"},"image":{"@id":"https:\/\/www.parodieparodi.it\/fr\/#\/schema\/logo\/image\/"},"sameAs":["https:\/\/www.facebook.com\/parodieparodi","https:\/\/www.linkedin.com\/company\/parodieparodi\/","https:\/\/www.instagram.com\/parodieparodidal1969\/"]}]}},"_links":{"self":[{"href":"https:\/\/www.parodieparodi.it\/fr\/wp-json\/wp\/v2\/pages\/1263","targetHints":{"allow":["GET"]}}],"collection":[{"href":"https:\/\/www.parodieparodi.it\/fr\/wp-json\/wp\/v2\/pages"}],"about":[{"href":"https:\/\/www.parodieparodi.it\/fr\/wp-json\/wp\/v2\/types\/page"}],"author":[{"embeddable":true,"href":"https:\/\/www.parodieparodi.it\/fr\/wp-json\/wp\/v2\/users\/1"}],"replies":[{"embeddable":true,"href":"https:\/\/www.parodieparodi.it\/fr\/wp-json\/wp\/v2\/comments?post=1263"}],"version-history":[{"count":1,"href":"https:\/\/www.parodieparodi.it\/fr\/wp-json\/wp\/v2\/pages\/1263\/revisions"}],"predecessor-version":[{"id":1267,"href":"https:\/\/www.parodieparodi.it\/fr\/wp-json\/wp\/v2\/pages\/1263\/revisions\/1267"}],"wp:attachment":[{"href":"https:\/\/www.parodieparodi.it\/fr\/wp-json\/wp\/v2\/media?parent=1263"}],"curies":[{"name":"wp","href":"https:\/\/api.w.org\/{rel}","templated":true}]}}