{"id":1250,"date":"2025-08-13T17:06:16","date_gmt":"2025-08-13T15:06:16","guid":{"rendered":"https:\/\/www.parodieparodi.it\/historique\/"},"modified":"2026-01-14T12:10:26","modified_gmt":"2026-01-14T11:10:26","slug":"historique","status":"publish","type":"page","link":"https:\/\/www.parodieparodi.it\/fr\/historique\/","title":{"rendered":"Historique"},"content":{"rendered":"\t\t<div data-elementor-type=\"wp-page\" data-elementor-id=\"1250\" class=\"elementor elementor-1250 elementor-163\" data-elementor-post-type=\"page\">\n\t\t\t\t<div class=\"elementor-element elementor-element-fcd9c5c e-flex e-con-boxed e-con e-parent\" data-id=\"fcd9c5c\" data-element_type=\"container\">\n\t\t\t\t\t<div class=\"e-con-inner\">\n\t\t<div class=\"elementor-element elementor-element-8804efa e-con-full e-flex e-con e-child\" data-id=\"8804efa\" data-element_type=\"container\" data-settings=\"{&quot;background_background&quot;:&quot;classic&quot;}\">\n\t\t\t\t<div class=\"elementor-element elementor-element-a203990 elementor-widget elementor-widget-heading\" data-id=\"a203990\" data-element_type=\"widget\" data-widget_type=\"heading.default\">\n\t\t\t\t<div class=\"elementor-widget-container\">\n\t\t\t\t\t<h2 class=\"elementor-heading-title elementor-size-default\">1969<\/h2>\t\t\t\t<\/div>\n\t\t\t\t<\/div>\n\t\t\t\t<\/div>\n\t\t<div class=\"elementor-element elementor-element-ef66273 e-con-full e-flex e-con e-child\" data-id=\"ef66273\" data-element_type=\"container\">\n\t\t\t\t<div class=\"elementor-element elementor-element-6634a83 elementor-widget elementor-widget-image\" data-id=\"6634a83\" data-element_type=\"widget\" data-widget_type=\"image.default\">\n\t\t\t\t<div class=\"elementor-widget-container\">\n\t\t\t\t\t\t\t\t\t\t\t\t\t\t\t<img fetchpriority=\"high\" decoding=\"async\" width=\"800\" height=\"600\" src=\"https:\/\/www.parodieparodi.it\/wp-content\/uploads\/2025\/10\/19691-1024x768.jpg\" class=\"attachment-large size-large wp-image-1246\" alt=\"\" srcset=\"https:\/\/www.parodieparodi.it\/wp-content\/uploads\/2025\/10\/19691-1024x768.jpg 1024w, https:\/\/www.parodieparodi.it\/wp-content\/uploads\/2025\/10\/19691-300x225.jpg 300w, https:\/\/www.parodieparodi.it\/wp-content\/uploads\/2025\/10\/19691-768x576.jpg 768w, https:\/\/www.parodieparodi.it\/wp-content\/uploads\/2025\/10\/19691-1536x1152.jpg 1536w, https:\/\/www.parodieparodi.it\/wp-content\/uploads\/2025\/10\/19691-2048x1536.jpg 2048w, https:\/\/www.parodieparodi.it\/wp-content\/uploads\/2025\/10\/19691-scaled.jpg 1920w\" sizes=\"(max-width: 800px) 100vw, 800px\" \/>\t\t\t\t\t\t\t\t\t\t\t\t\t\t\t<\/div>\n\t\t\t\t<\/div>\n\t\t\t\t<\/div>\n\t\t<div class=\"elementor-element elementor-element-72b35a4 e-con-full e-flex e-con e-child\" data-id=\"72b35a4\" data-element_type=\"container\">\n\t\t\t\t<div class=\"elementor-element elementor-element-c828627 elementor-widget elementor-widget-text-editor\" data-id=\"c828627\" data-element_type=\"widget\" data-widget_type=\"text-editor.default\">\n\t\t\t\t<div class=\"elementor-widget-container\">\n\t\t\t\t\t\t\t\t\t<p>Cette histoire commence \u00e0 la fin des ann\u00e9es 1960 devant un \u00e9vier bouch\u00e9. Giuseppe Parodi, g\u00e9om\u00e8tre \u00e0 Ceranesi, fatigu\u00e9 de la ventouse ordinaire, en invente une diff\u00e9rente : avec un manche sp\u00e9cial pivotant et un ressort interne. Il l&rsquo;appelle Asco (ASpire et COmprime).<\/p>\n\t\t\t\t\t\t\t\t<\/div>\n\t\t\t\t<\/div>\n\t\t\t\t<div class=\"elementor-element elementor-element-02c7c5e elementor-widget elementor-widget-text-editor\" data-id=\"02c7c5e\" data-element_type=\"widget\" data-widget_type=\"text-editor.default\">\n\t\t\t\t<div class=\"elementor-widget-container\">\n\t\t\t\t\t\t\t\t\t<p>La photo montre notre premier local : un petit atelier \u00e0 San Martino di Paravanico (G\u00eanes).<\/p>\n\t\t\t\t\t\t\t\t<\/div>\n\t\t\t\t<\/div>\n\t\t\t\t<\/div>\n\t\t\t\t\t<\/div>\n\t\t\t\t<\/div>\n\t\t<div class=\"elementor-element elementor-element-5ccee9a e-flex e-con-boxed e-con e-parent\" data-id=\"5ccee9a\" data-element_type=\"container\">\n\t\t\t\t\t<div class=\"e-con-inner\">\n\t\t<div class=\"elementor-element elementor-element-489b88a e-con-full e-flex e-con e-child\" data-id=\"489b88a\" data-element_type=\"container\" data-settings=\"{&quot;background_background&quot;:&quot;classic&quot;}\">\n\t\t\t\t<div class=\"elementor-element elementor-element-17269d7 elementor-widget elementor-widget-heading\" data-id=\"17269d7\" data-element_type=\"widget\" data-widget_type=\"heading.default\">\n\t\t\t\t<div class=\"elementor-widget-container\">\n\t\t\t\t\t<h2 class=\"elementor-heading-title elementor-size-default\">1975<\/h2>\t\t\t\t<\/div>\n\t\t\t\t<\/div>\n\t\t\t\t<\/div>\n\t\t<div class=\"elementor-element elementor-element-5b8bb58 e-con-full e-flex e-con e-child\" data-id=\"5b8bb58\" data-element_type=\"container\">\n\t\t\t\t<div class=\"elementor-element elementor-element-0c65b64 elementor-widget elementor-widget-image\" data-id=\"0c65b64\" data-element_type=\"widget\" data-widget_type=\"image.default\">\n\t\t\t\t<div class=\"elementor-widget-container\">\n\t\t\t\t\t\t\t\t\t\t\t\t\t\t\t<img decoding=\"async\" width=\"800\" height=\"533\" src=\"https:\/\/www.parodieparodi.it\/wp-content\/uploads\/2025\/10\/1975-LAVORO-ALLAPERTO1.jpg\" class=\"attachment-large size-large wp-image-1247\" alt=\"\" srcset=\"https:\/\/www.parodieparodi.it\/wp-content\/uploads\/2025\/10\/1975-LAVORO-ALLAPERTO1.jpg 900w, https:\/\/www.parodieparodi.it\/wp-content\/uploads\/2025\/10\/1975-LAVORO-ALLAPERTO1-300x200.jpg 300w, https:\/\/www.parodieparodi.it\/wp-content\/uploads\/2025\/10\/1975-LAVORO-ALLAPERTO1-768x512.jpg 768w\" sizes=\"(max-width: 800px) 100vw, 800px\" \/>\t\t\t\t\t\t\t\t\t\t\t\t\t\t\t<\/div>\n\t\t\t\t<\/div>\n\t\t\t\t<\/div>\n\t\t<div class=\"elementor-element elementor-element-f29ee19 e-con-full e-flex e-con e-child\" data-id=\"f29ee19\" data-element_type=\"container\">\n\t\t\t\t<div class=\"elementor-element elementor-element-bf9b3a6 elementor-widget elementor-widget-text-editor\" data-id=\"bf9b3a6\" data-element_type=\"widget\" data-widget_type=\"text-editor.default\">\n\t\t\t\t<div class=\"elementor-widget-container\">\n\t\t\t\t\t\t\t\t\t<p>Les inventions et d\u00e9couvertes naissent souvent des frustrations quotidiennes. Giuseppe quitte l&rsquo;entreprise familiale de construction, ouvre un atelier et commence, avec sa femme Maria, \u00e0 promouvoir Asco dans les magasins et les salons. Le produit conna\u00eet le succ\u00e8s et l&rsquo;activit\u00e9 se structure : apparaissent les disques en laine d&rsquo;acier pour polisseuses, l&rsquo;essoreuse \u00e0 salade et toute une s\u00e9rie d&rsquo;articles pour la maison.<\/p>\n\t\t\t\t\t\t\t\t<\/div>\n\t\t\t\t<\/div>\n\t\t\t\t<div class=\"elementor-element elementor-element-aed2083 elementor-widget elementor-widget-text-editor\" data-id=\"aed2083\" data-element_type=\"widget\" data-widget_type=\"text-editor.default\">\n\t\t\t\t<div class=\"elementor-widget-container\">\n\t\t\t\t\t\t\t\t\t<p>La photo montre notre deuxi\u00e8me local, plus spacieux, \u00e0 Isoverde.<\/p>\n\t\t\t\t\t\t\t\t<\/div>\n\t\t\t\t<\/div>\n\t\t\t\t<\/div>\n\t\t\t\t\t<\/div>\n\t\t\t\t<\/div>\n\t\t<div class=\"elementor-element elementor-element-a7704ca e-flex e-con-boxed e-con e-parent\" data-id=\"a7704ca\" data-element_type=\"container\">\n\t\t\t\t\t<div class=\"e-con-inner\">\n\t\t<div class=\"elementor-element elementor-element-fbf0355 e-con-full e-flex e-con e-child\" data-id=\"fbf0355\" data-element_type=\"container\" data-settings=\"{&quot;background_background&quot;:&quot;classic&quot;}\">\n\t\t\t\t<div class=\"elementor-element elementor-element-2242897 elementor-widget elementor-widget-heading\" data-id=\"2242897\" data-element_type=\"widget\" data-widget_type=\"heading.default\">\n\t\t\t\t<div class=\"elementor-widget-container\">\n\t\t\t\t\t<h2 class=\"elementor-heading-title elementor-size-default\">1983<\/h2>\t\t\t\t<\/div>\n\t\t\t\t<\/div>\n\t\t\t\t<\/div>\n\t\t<div class=\"elementor-element elementor-element-389c783 e-con-full e-flex e-con e-child\" data-id=\"389c783\" data-element_type=\"container\">\n\t\t\t\t<div class=\"elementor-element elementor-element-d803f1e elementor-widget elementor-widget-image\" data-id=\"d803f1e\" data-element_type=\"widget\" data-widget_type=\"image.default\">\n\t\t\t\t<div class=\"elementor-widget-container\">\n\t\t\t\t\t\t\t\t\t\t\t\t\t\t\t<img decoding=\"async\" width=\"800\" height=\"450\" src=\"https:\/\/www.parodieparodi.it\/wp-content\/uploads\/2025\/08\/1000038325-1024x576.jpg\" class=\"attachment-large size-large wp-image-1248\" alt=\"\" srcset=\"https:\/\/www.parodieparodi.it\/wp-content\/uploads\/2025\/08\/1000038325-1024x576.jpg 1024w, https:\/\/www.parodieparodi.it\/wp-content\/uploads\/2025\/08\/1000038325-300x169.jpg 300w, https:\/\/www.parodieparodi.it\/wp-content\/uploads\/2025\/08\/1000038325-768x432.jpg 768w, https:\/\/www.parodieparodi.it\/wp-content\/uploads\/2025\/08\/1000038325-1536x864.jpg 1536w, https:\/\/www.parodieparodi.it\/wp-content\/uploads\/2025\/08\/1000038325-2048x1152.jpg 2048w, https:\/\/www.parodieparodi.it\/wp-content\/uploads\/2025\/08\/1000038325-scaled.jpg 1920w\" sizes=\"(max-width: 800px) 100vw, 800px\" \/>\t\t\t\t\t\t\t\t\t\t\t\t\t\t\t<\/div>\n\t\t\t\t<\/div>\n\t\t\t\t<\/div>\n\t\t<div class=\"elementor-element elementor-element-b7e2ff9 e-con-full e-flex e-con e-child\" data-id=\"b7e2ff9\" data-element_type=\"container\">\n\t\t\t\t<div class=\"elementor-element elementor-element-6fd5688 elementor-widget elementor-widget-text-editor\" data-id=\"6fd5688\" data-element_type=\"widget\" data-widget_type=\"text-editor.default\">\n\t\t\t\t<div class=\"elementor-widget-container\">\n\t\t\t\t\t\t\t\t\t<p>En 1983, la famille Parodi acquiert et restaure un ancien moulin \u00e0 Campomorone, le transformant en si\u00e8ge social. Giuseppe d\u00e9fend farouchement ses brevets par des batailles l\u00e9gales. Dans les ann\u00e9es 1980, son cousin, puis son fils Leonardo, rejoignent l&rsquo;entreprise et l&rsquo;am\u00e8nent \u00e0 sa dimension industrielle compl\u00e8te. L&rsquo;entreprise se d\u00e9veloppe, diversifie ses produits et services et, sous la direction commerciale de Franco Giordano et d&rsquo;autres collaborateurs de qualit\u00e9, obtient des reconnaissances importantes aupr\u00e8s de clients qui appr\u00e9cient le service. \u00c0 Campomorone se trouve aujourd&rsquo;hui le si\u00e8ge administratif, tandis que la logistique et la production sont implant\u00e9es ailleurs, notamment sur un p\u00f4le productif o\u00f9 sont fabriqu\u00e9s les produits Parodi et se d\u00e9veloppe un projet de r\u00e9insertion professionnelle.<\/p>\n\t\t\t\t\t\t\t\t<\/div>\n\t\t\t\t<\/div>\n\t\t\t\t<\/div>\n\t\t\t\t\t<\/div>\n\t\t\t\t<\/div>\n\t\t<div class=\"elementor-element elementor-element-4047638 e-flex e-con-boxed e-con e-parent\" data-id=\"4047638\" data-element_type=\"container\">\n\t\t\t\t\t<div class=\"e-con-inner\">\n\t\t<div class=\"elementor-element elementor-element-ceb560f e-con-full e-flex e-con e-child\" data-id=\"ceb560f\" data-element_type=\"container\" data-settings=\"{&quot;background_background&quot;:&quot;classic&quot;}\">\n\t\t\t\t<div class=\"elementor-element elementor-element-e977f5b elementor-widget elementor-widget-heading\" data-id=\"e977f5b\" data-element_type=\"widget\" data-widget_type=\"heading.default\">\n\t\t\t\t<div class=\"elementor-widget-container\">\n\t\t\t\t\t<h2 class=\"elementor-heading-title elementor-size-default\">Aujourd'hui<\/h2>\t\t\t\t<\/div>\n\t\t\t\t<\/div>\n\t\t\t\t<\/div>\n\t\t<div class=\"elementor-element elementor-element-936fd20 e-con-full e-flex e-con e-child\" data-id=\"936fd20\" data-element_type=\"container\">\n\t\t\t\t<div class=\"elementor-element elementor-element-cc40c95 elementor-widget elementor-widget-image\" data-id=\"cc40c95\" data-element_type=\"widget\" data-widget_type=\"image.default\">\n\t\t\t\t<div class=\"elementor-widget-container\">\n\t\t\t\t\t\t\t\t\t\t\t\t\t\t\t<img loading=\"lazy\" decoding=\"async\" width=\"800\" height=\"599\" src=\"https:\/\/www.parodieparodi.it\/wp-content\/uploads\/2025\/10\/Sede-PP-OGGI-1024x767.jpg\" class=\"attachment-large size-large wp-image-1249\" alt=\"\" srcset=\"https:\/\/www.parodieparodi.it\/wp-content\/uploads\/2025\/10\/Sede-PP-OGGI-1024x767.jpg 1024w, https:\/\/www.parodieparodi.it\/wp-content\/uploads\/2025\/10\/Sede-PP-OGGI-300x225.jpg 300w, https:\/\/www.parodieparodi.it\/wp-content\/uploads\/2025\/10\/Sede-PP-OGGI-768x576.jpg 768w, https:\/\/www.parodieparodi.it\/wp-content\/uploads\/2025\/10\/Sede-PP-OGGI-1536x1151.jpg 1536w, https:\/\/www.parodieparodi.it\/wp-content\/uploads\/2025\/10\/Sede-PP-OGGI.jpg 1920w\" sizes=\"(max-width: 800px) 100vw, 800px\" \/>\t\t\t\t\t\t\t\t\t\t\t\t\t\t\t<\/div>\n\t\t\t\t<\/div>\n\t\t\t\t<\/div>\n\t\t<div class=\"elementor-element elementor-element-41e9cf2 e-con-full e-flex e-con e-child\" data-id=\"41e9cf2\" data-element_type=\"container\">\n\t\t\t\t<div class=\"elementor-element elementor-element-54b2dd9 elementor-widget elementor-widget-text-editor\" data-id=\"54b2dd9\" data-element_type=\"widget\" data-widget_type=\"text-editor.default\">\n\t\t\t\t<div class=\"elementor-widget-container\">\n\t\t\t\t\t\t\t\t\t<p>R\u00e9cemment, l&rsquo;entreprise a lanc\u00e9 son propre centre de formation, afin de transmettre au territoire son exp\u00e9rience et, surtout, les valeurs artisanales qui la caract\u00e9risent : soin de la qualit\u00e9, attention aux relations humaines et valorisation du travail. Une initiative pens\u00e9e pour favoriser la croissance des entreprises locales et des personnes qui les animent.<br \/>Une histoire de petits courageux, dans une G\u00eanes qui, bien ancr\u00e9e dans ses racines, laisse place au changement et \u00e0 l&rsquo;initiative.<\/p>\n\t\t\t\t\t\t\t\t<\/div>\n\t\t\t\t<\/div>\n\t\t\t\t<div class=\"elementor-element elementor-element-7df2f20 elementor-widget elementor-widget-text-editor\" data-id=\"7df2f20\" data-element_type=\"widget\" data-widget_type=\"text-editor.default\">\n\t\t\t\t<div class=\"elementor-widget-container\">\n\t\t\t\t\t\t\t\t\t<p>La photo montre notre si\u00e8ge actuel avec d\u00e9cors \u00e0 la g\u00e9noise enti\u00e8rement restaur\u00e9s et des panneaux solaires sur le toit.<\/p>\n\t\t\t\t\t\t\t\t<\/div>\n\t\t\t\t<\/div>\n\t\t\t\t<\/div>\n\t\t\t\t\t<\/div>\n\t\t\t\t<\/div>\n\t\t\t\t<\/div>\n\t\t","protected":false},"excerpt":{"rendered":"<p>1969 Cette histoire commence \u00e0 la fin des ann\u00e9es 1960 devant un \u00e9vier bouch\u00e9. Giuseppe Parodi, g\u00e9om\u00e8tre \u00e0 Ceranesi, fatigu\u00e9 de la ventouse ordinaire, en invente une diff\u00e9rente : avec un manche sp\u00e9cial pivotant et un ressort interne. Il l&rsquo;appelle Asco (ASpire et COmprime). La photo montre notre premier local : un petit atelier \u00e0 [&hellip;]<\/p>\n","protected":false},"author":1,"featured_media":0,"parent":0,"menu_order":0,"comment_status":"closed","ping_status":"closed","template":"","meta":{"footnotes":""},"class_list":["post-1250","page","type-page","status-publish","hentry"],"yoast_head":"<!-- This site is optimized with the Yoast SEO plugin v26.1.1 - https:\/\/yoast.com\/wordpress\/plugins\/seo\/ -->\n<title>Historique - Parodi &amp; Parodi<\/title>\n<meta name=\"robots\" content=\"index, follow, max-snippet:-1, max-image-preview:large, max-video-preview:-1\" \/>\n<link rel=\"canonical\" href=\"https:\/\/www.parodieparodi.it\/fr\/historique\/\" \/>\n<meta property=\"og:locale\" content=\"fr_FR\" \/>\n<meta property=\"og:type\" content=\"article\" \/>\n<meta property=\"og:title\" content=\"Historique - Parodi &amp; Parodi\" \/>\n<meta property=\"og:description\" content=\"1969 Cette histoire commence \u00e0 la fin des ann\u00e9es 1960 devant un \u00e9vier bouch\u00e9. Giuseppe Parodi, g\u00e9om\u00e8tre \u00e0 Ceranesi, fatigu\u00e9 de la ventouse ordinaire, en invente une diff\u00e9rente : avec un manche sp\u00e9cial pivotant et un ressort interne. Il l&rsquo;appelle Asco (ASpire et COmprime). La photo montre notre premier local : un petit atelier \u00e0 [&hellip;]\" \/>\n<meta property=\"og:url\" content=\"https:\/\/www.parodieparodi.it\/fr\/historique\/\" \/>\n<meta property=\"og:site_name\" content=\"Parodi &amp; Parodi\" \/>\n<meta property=\"article:publisher\" content=\"https:\/\/www.facebook.com\/parodieparodi\" \/>\n<meta property=\"article:modified_time\" content=\"2026-01-14T11:10:26+00:00\" \/>\n<meta property=\"og:image\" content=\"https:\/\/www.parodieparodi.it\/wp-content\/uploads\/2025\/10\/19691-scaled.jpg\" \/>\n\t<meta property=\"og:image:width\" content=\"1920\" \/>\n\t<meta property=\"og:image:height\" content=\"1440\" \/>\n\t<meta property=\"og:image:type\" content=\"image\/jpeg\" \/>\n<meta name=\"twitter:card\" content=\"summary_large_image\" \/>\n<meta name=\"twitter:label1\" content=\"Dur\u00e9e de lecture estim\u00e9e\" \/>\n\t<meta name=\"twitter:data1\" content=\"2 minutes\" \/>\n<script type=\"application\/ld+json\" class=\"yoast-schema-graph\">{\"@context\":\"https:\/\/schema.org\",\"@graph\":[{\"@type\":\"WebPage\",\"@id\":\"https:\/\/www.parodieparodi.it\/fr\/historique\/\",\"url\":\"https:\/\/www.parodieparodi.it\/fr\/historique\/\",\"name\":\"Historique - Parodi &amp; Parodi\",\"isPartOf\":{\"@id\":\"https:\/\/www.parodieparodi.it\/fr\/#website\"},\"primaryImageOfPage\":{\"@id\":\"https:\/\/www.parodieparodi.it\/fr\/historique\/#primaryimage\"},\"image\":{\"@id\":\"https:\/\/www.parodieparodi.it\/fr\/historique\/#primaryimage\"},\"thumbnailUrl\":\"https:\/\/www.parodieparodi.it\/wp-content\/uploads\/2025\/10\/19691-1024x768.jpg\",\"datePublished\":\"2025-08-13T15:06:16+00:00\",\"dateModified\":\"2026-01-14T11:10:26+00:00\",\"breadcrumb\":{\"@id\":\"https:\/\/www.parodieparodi.it\/fr\/historique\/#breadcrumb\"},\"inLanguage\":\"fr-FR\",\"potentialAction\":[{\"@type\":\"ReadAction\",\"target\":[\"https:\/\/www.parodieparodi.it\/fr\/historique\/\"]}]},{\"@type\":\"ImageObject\",\"inLanguage\":\"fr-FR\",\"@id\":\"https:\/\/www.parodieparodi.it\/fr\/historique\/#primaryimage\",\"url\":\"https:\/\/www.parodieparodi.it\/wp-content\/uploads\/2025\/10\/19691-1024x768.jpg\",\"contentUrl\":\"https:\/\/www.parodieparodi.it\/wp-content\/uploads\/2025\/10\/19691-1024x768.jpg\"},{\"@type\":\"BreadcrumbList\",\"@id\":\"https:\/\/www.parodieparodi.it\/fr\/historique\/#breadcrumb\",\"itemListElement\":[{\"@type\":\"ListItem\",\"position\":1,\"name\":\"Home\",\"item\":\"https:\/\/www.parodieparodi.it\/fr\/\"},{\"@type\":\"ListItem\",\"position\":2,\"name\":\"Historique\"}]},{\"@type\":\"WebSite\",\"@id\":\"https:\/\/www.parodieparodi.it\/fr\/#website\",\"url\":\"https:\/\/www.parodieparodi.it\/fr\/\",\"name\":\"Parodi & Parodi\",\"description\":\"\",\"publisher\":{\"@id\":\"https:\/\/www.parodieparodi.it\/fr\/#organization\"},\"potentialAction\":[{\"@type\":\"SearchAction\",\"target\":{\"@type\":\"EntryPoint\",\"urlTemplate\":\"https:\/\/www.parodieparodi.it\/fr\/?s={search_term_string}\"},\"query-input\":{\"@type\":\"PropertyValueSpecification\",\"valueRequired\":true,\"valueName\":\"search_term_string\"}}],\"inLanguage\":\"fr-FR\"},{\"@type\":\"Organization\",\"@id\":\"https:\/\/www.parodieparodi.it\/fr\/#organization\",\"name\":\"Parodi & Parodi\",\"url\":\"https:\/\/www.parodieparodi.it\/fr\/\",\"logo\":{\"@type\":\"ImageObject\",\"inLanguage\":\"fr-FR\",\"@id\":\"https:\/\/www.parodieparodi.it\/fr\/#\/schema\/logo\/image\/\",\"url\":\"https:\/\/www.parodieparodi.it\/wp-content\/uploads\/2025\/06\/logo_parodiparodi.png\",\"contentUrl\":\"https:\/\/www.parodieparodi.it\/wp-content\/uploads\/2025\/06\/logo_parodiparodi.png\",\"width\":141,\"height\":111,\"caption\":\"Parodi & Parodi\"},\"image\":{\"@id\":\"https:\/\/www.parodieparodi.it\/fr\/#\/schema\/logo\/image\/\"},\"sameAs\":[\"https:\/\/www.facebook.com\/parodieparodi\",\"https:\/\/www.linkedin.com\/company\/parodieparodi\/\",\"https:\/\/www.instagram.com\/parodieparodidal1969\/\"]}]}<\/script>\n<!-- \/ Yoast SEO plugin. -->","yoast_head_json":{"title":"Historique - Parodi &amp; Parodi","robots":{"index":"index","follow":"follow","max-snippet":"max-snippet:-1","max-image-preview":"max-image-preview:large","max-video-preview":"max-video-preview:-1"},"canonical":"https:\/\/www.parodieparodi.it\/fr\/historique\/","og_locale":"fr_FR","og_type":"article","og_title":"Historique - Parodi &amp; Parodi","og_description":"1969 Cette histoire commence \u00e0 la fin des ann\u00e9es 1960 devant un \u00e9vier bouch\u00e9. Giuseppe Parodi, g\u00e9om\u00e8tre \u00e0 Ceranesi, fatigu\u00e9 de la ventouse ordinaire, en invente une diff\u00e9rente : avec un manche sp\u00e9cial pivotant et un ressort interne. Il l&rsquo;appelle Asco (ASpire et COmprime). La photo montre notre premier local : un petit atelier \u00e0 [&hellip;]","og_url":"https:\/\/www.parodieparodi.it\/fr\/historique\/","og_site_name":"Parodi &amp; Parodi","article_publisher":"https:\/\/www.facebook.com\/parodieparodi","article_modified_time":"2026-01-14T11:10:26+00:00","og_image":[{"width":1920,"height":1440,"url":"https:\/\/www.parodieparodi.it\/wp-content\/uploads\/2025\/10\/19691-scaled.jpg","type":"image\/jpeg"}],"twitter_card":"summary_large_image","twitter_misc":{"Dur\u00e9e de lecture estim\u00e9e":"2 minutes"},"schema":{"@context":"https:\/\/schema.org","@graph":[{"@type":"WebPage","@id":"https:\/\/www.parodieparodi.it\/fr\/historique\/","url":"https:\/\/www.parodieparodi.it\/fr\/historique\/","name":"Historique - Parodi &amp; Parodi","isPartOf":{"@id":"https:\/\/www.parodieparodi.it\/fr\/#website"},"primaryImageOfPage":{"@id":"https:\/\/www.parodieparodi.it\/fr\/historique\/#primaryimage"},"image":{"@id":"https:\/\/www.parodieparodi.it\/fr\/historique\/#primaryimage"},"thumbnailUrl":"https:\/\/www.parodieparodi.it\/wp-content\/uploads\/2025\/10\/19691-1024x768.jpg","datePublished":"2025-08-13T15:06:16+00:00","dateModified":"2026-01-14T11:10:26+00:00","breadcrumb":{"@id":"https:\/\/www.parodieparodi.it\/fr\/historique\/#breadcrumb"},"inLanguage":"fr-FR","potentialAction":[{"@type":"ReadAction","target":["https:\/\/www.parodieparodi.it\/fr\/historique\/"]}]},{"@type":"ImageObject","inLanguage":"fr-FR","@id":"https:\/\/www.parodieparodi.it\/fr\/historique\/#primaryimage","url":"https:\/\/www.parodieparodi.it\/wp-content\/uploads\/2025\/10\/19691-1024x768.jpg","contentUrl":"https:\/\/www.parodieparodi.it\/wp-content\/uploads\/2025\/10\/19691-1024x768.jpg"},{"@type":"BreadcrumbList","@id":"https:\/\/www.parodieparodi.it\/fr\/historique\/#breadcrumb","itemListElement":[{"@type":"ListItem","position":1,"name":"Home","item":"https:\/\/www.parodieparodi.it\/fr\/"},{"@type":"ListItem","position":2,"name":"Historique"}]},{"@type":"WebSite","@id":"https:\/\/www.parodieparodi.it\/fr\/#website","url":"https:\/\/www.parodieparodi.it\/fr\/","name":"Parodi & Parodi","description":"","publisher":{"@id":"https:\/\/www.parodieparodi.it\/fr\/#organization"},"potentialAction":[{"@type":"SearchAction","target":{"@type":"EntryPoint","urlTemplate":"https:\/\/www.parodieparodi.it\/fr\/?s={search_term_string}"},"query-input":{"@type":"PropertyValueSpecification","valueRequired":true,"valueName":"search_term_string"}}],"inLanguage":"fr-FR"},{"@type":"Organization","@id":"https:\/\/www.parodieparodi.it\/fr\/#organization","name":"Parodi & Parodi","url":"https:\/\/www.parodieparodi.it\/fr\/","logo":{"@type":"ImageObject","inLanguage":"fr-FR","@id":"https:\/\/www.parodieparodi.it\/fr\/#\/schema\/logo\/image\/","url":"https:\/\/www.parodieparodi.it\/wp-content\/uploads\/2025\/06\/logo_parodiparodi.png","contentUrl":"https:\/\/www.parodieparodi.it\/wp-content\/uploads\/2025\/06\/logo_parodiparodi.png","width":141,"height":111,"caption":"Parodi & Parodi"},"image":{"@id":"https:\/\/www.parodieparodi.it\/fr\/#\/schema\/logo\/image\/"},"sameAs":["https:\/\/www.facebook.com\/parodieparodi","https:\/\/www.linkedin.com\/company\/parodieparodi\/","https:\/\/www.instagram.com\/parodieparodidal1969\/"]}]}},"_links":{"self":[{"href":"https:\/\/www.parodieparodi.it\/fr\/wp-json\/wp\/v2\/pages\/1250","targetHints":{"allow":["GET"]}}],"collection":[{"href":"https:\/\/www.parodieparodi.it\/fr\/wp-json\/wp\/v2\/pages"}],"about":[{"href":"https:\/\/www.parodieparodi.it\/fr\/wp-json\/wp\/v2\/types\/page"}],"author":[{"embeddable":true,"href":"https:\/\/www.parodieparodi.it\/fr\/wp-json\/wp\/v2\/users\/1"}],"replies":[{"embeddable":true,"href":"https:\/\/www.parodieparodi.it\/fr\/wp-json\/wp\/v2\/comments?post=1250"}],"version-history":[{"count":1,"href":"https:\/\/www.parodieparodi.it\/fr\/wp-json\/wp\/v2\/pages\/1250\/revisions"}],"predecessor-version":[{"id":1255,"href":"https:\/\/www.parodieparodi.it\/fr\/wp-json\/wp\/v2\/pages\/1250\/revisions\/1255"}],"wp:attachment":[{"href":"https:\/\/www.parodieparodi.it\/fr\/wp-json\/wp\/v2\/media?parent=1250"}],"curies":[{"name":"wp","href":"https:\/\/api.w.org\/{rel}","templated":true}]}}