{"id":1237,"date":"2025-08-13T17:05:50","date_gmt":"2025-08-13T15:05:50","guid":{"rendered":"https:\/\/www.parodieparodi.it\/services\/"},"modified":"2026-01-14T12:08:15","modified_gmt":"2026-01-14T11:08:15","slug":"services","status":"publish","type":"page","link":"https:\/\/www.parodieparodi.it\/fr\/services\/","title":{"rendered":"Services"},"content":{"rendered":"\t\t<div data-elementor-type=\"wp-page\" data-elementor-id=\"1237\" class=\"elementor elementor-1237 elementor-161\" data-elementor-post-type=\"page\">\n\t\t\t\t<div class=\"elementor-element elementor-element-db48231 e-flex e-con-boxed e-con e-parent\" data-id=\"db48231\" data-element_type=\"container\">\n\t\t\t\t\t<div class=\"e-con-inner\">\n\t\t<div class=\"elementor-element elementor-element-f08345d e-con-full e-flex e-con e-child\" data-id=\"f08345d\" data-element_type=\"container\">\n\t\t\t\t<div class=\"elementor-element elementor-element-6d853c2 elementor-widget elementor-widget-image\" data-id=\"6d853c2\" data-element_type=\"widget\" data-widget_type=\"image.default\">\n\t\t\t\t<div class=\"elementor-widget-container\">\n\t\t\t\t\t\t\t\t\t\t\t\t\t\t\t<img fetchpriority=\"high\" decoding=\"async\" width=\"299\" height=\"200\" src=\"https:\/\/www.parodieparodi.it\/wp-content\/uploads\/2025\/08\/trasp_espositori.png\" class=\"attachment-full size-full wp-image-1234\" alt=\"\" \/>\t\t\t\t\t\t\t\t\t\t\t\t\t\t\t<\/div>\n\t\t\t\t<\/div>\n\t\t\t\t<\/div>\n\t\t<div class=\"elementor-element elementor-element-70dcd0f e-con-full e-flex e-con e-child\" data-id=\"70dcd0f\" data-element_type=\"container\">\n\t\t\t\t<div class=\"elementor-element elementor-element-b41d27f elementor-widget elementor-widget-heading\" data-id=\"b41d27f\" data-element_type=\"widget\" data-widget_type=\"heading.default\">\n\t\t\t\t<div class=\"elementor-widget-container\">\n\t\t\t\t\t<h2 class=\"elementor-heading-title elementor-size-default\">Services<\/h2>\t\t\t\t<\/div>\n\t\t\t\t<\/div>\n\t\t\t\t<div class=\"elementor-element elementor-element-ff8cfad elementor-widget elementor-widget-heading\" data-id=\"ff8cfad\" data-element_type=\"widget\" data-widget_type=\"heading.default\">\n\t\t\t\t<div class=\"elementor-widget-container\">\n\t\t\t\t\t<h3 class=\"elementor-heading-title elementor-size-default\">Service : La base de notre activit\u00e9<\/h3>\t\t\t\t<\/div>\n\t\t\t\t<\/div>\n\t\t\t\t<div class=\"elementor-element elementor-element-579097e elementor-widget elementor-widget-text-editor\" data-id=\"579097e\" data-element_type=\"widget\" data-widget_type=\"text-editor.default\">\n\t\t\t\t<div class=\"elementor-widget-container\">\n\t\t\t\t\t\t\t\t\t<p>Nous avons toujours plac\u00e9 au centre les besoins du client, offrant un service unissant \u00e9coute, solutions cibl\u00e9es et livraisons ponctuelles. Nous soutenons non seulement les points de vente par la pr\u00e9sence constante de nos agents sur le terrain, mais nous sommes aussi pr\u00e8s du consommateur final : celui qui ach\u00e8te notre article sait qu&rsquo;il peut compter sur un service attentif, pr\u00eat \u00e0 \u00e9couter et \u00e0 r\u00e9pondre \u00e0 chaque besoin.<\/p>\n\t\t\t\t\t\t\t\t<\/div>\n\t\t\t\t<\/div>\n\t\t\t\t<\/div>\n\t\t\t\t\t<\/div>\n\t\t\t\t<\/div>\n\t\t<div class=\"elementor-element elementor-element-667cc8b e-flex e-con-boxed e-con e-parent\" data-id=\"667cc8b\" data-element_type=\"container\">\n\t\t\t\t\t<div class=\"e-con-inner\">\n\t\t<div class=\"elementor-element elementor-element-9c62e4d e-con-full e-flex e-con e-child\" data-id=\"9c62e4d\" data-element_type=\"container\">\n\t\t\t\t<div class=\"elementor-element elementor-element-2c530ab elementor-widget elementor-widget-heading\" data-id=\"2c530ab\" data-element_type=\"widget\" data-widget_type=\"heading.default\">\n\t\t\t\t<div class=\"elementor-widget-container\">\n\t\t\t\t\t<h2 class=\"elementor-heading-title elementor-size-default\">Merchandising<\/h2>\t\t\t\t<\/div>\n\t\t\t\t<\/div>\n\t\t\t\t<div class=\"elementor-element elementor-element-3d37298 elementor-widget elementor-widget-heading\" data-id=\"3d37298\" data-element_type=\"widget\" data-widget_type=\"heading.default\">\n\t\t\t\t<div class=\"elementor-widget-container\">\n\t\t\t\t\t<h3 class=\"elementor-heading-title elementor-size-default\">Nos agents, nos pr\u00e9sentoirs<\/h3>\t\t\t\t<\/div>\n\t\t\t\t<\/div>\n\t\t\t\t<div class=\"elementor-element elementor-element-237629d elementor-widget elementor-widget-text-editor\" data-id=\"237629d\" data-element_type=\"widget\" data-widget_type=\"text-editor.default\">\n\t\t\t\t<div class=\"elementor-widget-container\">\n\t\t\t\t\t\t\t\t\t<p>Un r\u00e9seau dense d&rsquo;agents offrant un service complet dans la collecte des commandes et l&rsquo;exposition de la marchandise, assistantant au mieux le client dans le choix du meilleur assortiment.<br \/>Les commandes sont trait\u00e9es en quelques jours apr\u00e8s r\u00e9ception avec livraison sur tout le territoire. Une refacturation \u00e9lectronique est disponible sur demande.<br \/>Nous disposons d&rsquo;une vaste gamme de pr\u00e9sentoirs en mat\u00e9riaux et dimensions vari\u00e9es pour exposer la marchandise dans les points de vente qui le demandent. Selon les besoins d&rsquo;espace, nous trouvons toujours la solution adapt\u00e9e pour pr\u00e9senter les articles de mani\u00e8re efficace. Notre force de vente sur le terrain saura soigner votre coin Parodi &#038; Parodi dans ses moindres d\u00e9tails.<\/p>\n\t\t\t\t\t\t\t\t<\/div>\n\t\t\t\t<\/div>\n\t\t\t\t<\/div>\n\t\t<div class=\"elementor-element elementor-element-b68df2a e-con-full e-flex e-con e-child\" data-id=\"b68df2a\" data-element_type=\"container\">\n\t\t\t\t<div class=\"elementor-element elementor-element-9c98af5 elementor-widget elementor-widget-image\" data-id=\"9c98af5\" data-element_type=\"widget\" data-widget_type=\"image.default\">\n\t\t\t\t<div class=\"elementor-widget-container\">\n\t\t\t\t\t\t\t\t\t\t\t\t\t\t\t<img decoding=\"async\" width=\"213\" height=\"600\" src=\"https:\/\/www.parodieparodi.it\/wp-content\/uploads\/2025\/08\/espositore_grande_stiro_01.jpg\" class=\"attachment-large size-large wp-image-1235\" alt=\"\" srcset=\"https:\/\/www.parodieparodi.it\/wp-content\/uploads\/2025\/08\/espositore_grande_stiro_01.jpg 213w, https:\/\/www.parodieparodi.it\/wp-content\/uploads\/2025\/08\/espositore_grande_stiro_01-107x300.jpg 107w\" sizes=\"(max-width: 213px) 100vw, 213px\" \/>\t\t\t\t\t\t\t\t\t\t\t\t\t\t\t<\/div>\n\t\t\t\t<\/div>\n\t\t\t\t<\/div>\n\t\t\t\t\t<\/div>\n\t\t\t\t<\/div>\n\t\t<div class=\"elementor-element elementor-element-431691f e-flex e-con-boxed e-con e-parent\" data-id=\"431691f\" data-element_type=\"container\">\n\t\t\t\t\t<div class=\"e-con-inner\">\n\t\t<div class=\"elementor-element elementor-element-273d185 e-con-full e-flex e-con e-child\" data-id=\"273d185\" data-element_type=\"container\">\n\t\t\t\t<div class=\"elementor-element elementor-element-76404f5 elementor-widget elementor-widget-image\" data-id=\"76404f5\" data-element_type=\"widget\" data-widget_type=\"image.default\">\n\t\t\t\t<div class=\"elementor-widget-container\">\n\t\t\t\t\t\t\t\t\t\t\t\t\t\t\t<img decoding=\"async\" width=\"293\" height=\"210\" src=\"https:\/\/www.parodieparodi.it\/wp-content\/uploads\/2025\/08\/logistica_parodi_parodi.jpg\" class=\"attachment-full size-full wp-image-1236\" alt=\"\" \/>\t\t\t\t\t\t\t\t\t\t\t\t\t\t\t<\/div>\n\t\t\t\t<\/div>\n\t\t\t\t<\/div>\n\t\t<div class=\"elementor-element elementor-element-6812fb6 e-con-full e-flex e-con e-child\" data-id=\"6812fb6\" data-element_type=\"container\">\n\t\t\t\t<div class=\"elementor-element elementor-element-749b98c elementor-widget elementor-widget-heading\" data-id=\"749b98c\" data-element_type=\"widget\" data-widget_type=\"heading.default\">\n\t\t\t\t<div class=\"elementor-widget-container\">\n\t\t\t\t\t<h2 class=\"elementor-heading-title elementor-size-default\">Logistique<\/h2>\t\t\t\t<\/div>\n\t\t\t\t<\/div>\n\t\t\t\t<div class=\"elementor-element elementor-element-2318915 elementor-widget elementor-widget-text-editor\" data-id=\"2318915\" data-element_type=\"widget\" data-widget_type=\"text-editor.default\">\n\t\t\t\t<div class=\"elementor-widget-container\">\n\t\t\t\t\t\t\t\t\t<p>Notre nouveau d\u00e9p\u00f4t permet \u00e0 P&#038;P une vaste capacit\u00e9 de traitement des commandes. L&rsquo;unit\u00e9 logistique se situe \u00e0 proximit\u00e9 du si\u00e8ge historique de Campomorone. Des visites sur r\u00e9servation des deux structures sont possibles.<\/p>\n\t\t\t\t\t\t\t\t<\/div>\n\t\t\t\t<\/div>\n\t\t\t\t<\/div>\n\t\t\t\t\t<\/div>\n\t\t\t\t<\/div>\n\t\t\t\t<\/div>\n\t\t","protected":false},"excerpt":{"rendered":"<p>Services Service : La base de notre activit\u00e9 Nous avons toujours plac\u00e9 au centre les besoins du client, offrant un service unissant \u00e9coute, solutions cibl\u00e9es et livraisons ponctuelles. Nous soutenons non seulement les points de vente par la pr\u00e9sence constante de nos agents sur le terrain, mais nous sommes aussi pr\u00e8s du consommateur final : [&hellip;]<\/p>\n","protected":false},"author":1,"featured_media":0,"parent":0,"menu_order":0,"comment_status":"closed","ping_status":"closed","template":"","meta":{"footnotes":""},"class_list":["post-1237","page","type-page","status-publish","hentry"],"yoast_head":"<!-- This site is optimized with the Yoast SEO plugin v26.1.1 - https:\/\/yoast.com\/wordpress\/plugins\/seo\/ -->\n<title>Services - Parodi &amp; Parodi<\/title>\n<meta name=\"robots\" content=\"index, follow, max-snippet:-1, max-image-preview:large, max-video-preview:-1\" \/>\n<link rel=\"canonical\" href=\"https:\/\/www.parodieparodi.it\/fr\/services\/\" \/>\n<meta property=\"og:locale\" content=\"fr_FR\" \/>\n<meta property=\"og:type\" content=\"article\" \/>\n<meta property=\"og:title\" content=\"Services - Parodi &amp; Parodi\" \/>\n<meta property=\"og:description\" content=\"Services Service : La base de notre activit\u00e9 Nous avons toujours plac\u00e9 au centre les besoins du client, offrant un service unissant \u00e9coute, solutions cibl\u00e9es et livraisons ponctuelles. Nous soutenons non seulement les points de vente par la pr\u00e9sence constante de nos agents sur le terrain, mais nous sommes aussi pr\u00e8s du consommateur final : [&hellip;]\" \/>\n<meta property=\"og:url\" content=\"https:\/\/www.parodieparodi.it\/fr\/services\/\" \/>\n<meta property=\"og:site_name\" content=\"Parodi &amp; Parodi\" \/>\n<meta property=\"article:publisher\" content=\"https:\/\/www.facebook.com\/parodieparodi\" \/>\n<meta property=\"article:modified_time\" content=\"2026-01-14T11:08:15+00:00\" \/>\n<meta property=\"og:image\" content=\"https:\/\/www.parodieparodi.it\/wp-content\/uploads\/2025\/08\/trasp_espositori.png\" \/>\n\t<meta property=\"og:image:width\" content=\"299\" \/>\n\t<meta property=\"og:image:height\" content=\"200\" \/>\n\t<meta property=\"og:image:type\" content=\"image\/png\" \/>\n<meta name=\"twitter:card\" content=\"summary_large_image\" \/>\n<meta name=\"twitter:label1\" content=\"Dur\u00e9e de lecture estim\u00e9e\" \/>\n\t<meta name=\"twitter:data1\" content=\"1 minute\" \/>\n<script type=\"application\/ld+json\" class=\"yoast-schema-graph\">{\"@context\":\"https:\/\/schema.org\",\"@graph\":[{\"@type\":\"WebPage\",\"@id\":\"https:\/\/www.parodieparodi.it\/fr\/services\/\",\"url\":\"https:\/\/www.parodieparodi.it\/fr\/services\/\",\"name\":\"Services - Parodi &amp; Parodi\",\"isPartOf\":{\"@id\":\"https:\/\/www.parodieparodi.it\/fr\/#website\"},\"primaryImageOfPage\":{\"@id\":\"https:\/\/www.parodieparodi.it\/fr\/services\/#primaryimage\"},\"image\":{\"@id\":\"https:\/\/www.parodieparodi.it\/fr\/services\/#primaryimage\"},\"thumbnailUrl\":\"https:\/\/www.parodieparodi.it\/wp-content\/uploads\/2025\/08\/trasp_espositori.png\",\"datePublished\":\"2025-08-13T15:05:50+00:00\",\"dateModified\":\"2026-01-14T11:08:15+00:00\",\"breadcrumb\":{\"@id\":\"https:\/\/www.parodieparodi.it\/fr\/services\/#breadcrumb\"},\"inLanguage\":\"fr-FR\",\"potentialAction\":[{\"@type\":\"ReadAction\",\"target\":[\"https:\/\/www.parodieparodi.it\/fr\/services\/\"]}]},{\"@type\":\"ImageObject\",\"inLanguage\":\"fr-FR\",\"@id\":\"https:\/\/www.parodieparodi.it\/fr\/services\/#primaryimage\",\"url\":\"https:\/\/www.parodieparodi.it\/wp-content\/uploads\/2025\/08\/trasp_espositori.png\",\"contentUrl\":\"https:\/\/www.parodieparodi.it\/wp-content\/uploads\/2025\/08\/trasp_espositori.png\"},{\"@type\":\"BreadcrumbList\",\"@id\":\"https:\/\/www.parodieparodi.it\/fr\/services\/#breadcrumb\",\"itemListElement\":[{\"@type\":\"ListItem\",\"position\":1,\"name\":\"Home\",\"item\":\"https:\/\/www.parodieparodi.it\/fr\/\"},{\"@type\":\"ListItem\",\"position\":2,\"name\":\"Services\"}]},{\"@type\":\"WebSite\",\"@id\":\"https:\/\/www.parodieparodi.it\/fr\/#website\",\"url\":\"https:\/\/www.parodieparodi.it\/fr\/\",\"name\":\"Parodi & Parodi\",\"description\":\"\",\"publisher\":{\"@id\":\"https:\/\/www.parodieparodi.it\/fr\/#organization\"},\"potentialAction\":[{\"@type\":\"SearchAction\",\"target\":{\"@type\":\"EntryPoint\",\"urlTemplate\":\"https:\/\/www.parodieparodi.it\/fr\/?s={search_term_string}\"},\"query-input\":{\"@type\":\"PropertyValueSpecification\",\"valueRequired\":true,\"valueName\":\"search_term_string\"}}],\"inLanguage\":\"fr-FR\"},{\"@type\":\"Organization\",\"@id\":\"https:\/\/www.parodieparodi.it\/fr\/#organization\",\"name\":\"Parodi & Parodi\",\"url\":\"https:\/\/www.parodieparodi.it\/fr\/\",\"logo\":{\"@type\":\"ImageObject\",\"inLanguage\":\"fr-FR\",\"@id\":\"https:\/\/www.parodieparodi.it\/fr\/#\/schema\/logo\/image\/\",\"url\":\"https:\/\/www.parodieparodi.it\/wp-content\/uploads\/2025\/06\/logo_parodiparodi.png\",\"contentUrl\":\"https:\/\/www.parodieparodi.it\/wp-content\/uploads\/2025\/06\/logo_parodiparodi.png\",\"width\":141,\"height\":111,\"caption\":\"Parodi & Parodi\"},\"image\":{\"@id\":\"https:\/\/www.parodieparodi.it\/fr\/#\/schema\/logo\/image\/\"},\"sameAs\":[\"https:\/\/www.facebook.com\/parodieparodi\",\"https:\/\/www.linkedin.com\/company\/parodieparodi\/\",\"https:\/\/www.instagram.com\/parodieparodidal1969\/\"]}]}<\/script>\n<!-- \/ Yoast SEO plugin. -->","yoast_head_json":{"title":"Services - Parodi &amp; Parodi","robots":{"index":"index","follow":"follow","max-snippet":"max-snippet:-1","max-image-preview":"max-image-preview:large","max-video-preview":"max-video-preview:-1"},"canonical":"https:\/\/www.parodieparodi.it\/fr\/services\/","og_locale":"fr_FR","og_type":"article","og_title":"Services - Parodi &amp; Parodi","og_description":"Services Service : La base de notre activit\u00e9 Nous avons toujours plac\u00e9 au centre les besoins du client, offrant un service unissant \u00e9coute, solutions cibl\u00e9es et livraisons ponctuelles. Nous soutenons non seulement les points de vente par la pr\u00e9sence constante de nos agents sur le terrain, mais nous sommes aussi pr\u00e8s du consommateur final : [&hellip;]","og_url":"https:\/\/www.parodieparodi.it\/fr\/services\/","og_site_name":"Parodi &amp; Parodi","article_publisher":"https:\/\/www.facebook.com\/parodieparodi","article_modified_time":"2026-01-14T11:08:15+00:00","og_image":[{"width":299,"height":200,"url":"https:\/\/www.parodieparodi.it\/wp-content\/uploads\/2025\/08\/trasp_espositori.png","type":"image\/png"}],"twitter_card":"summary_large_image","twitter_misc":{"Dur\u00e9e de lecture estim\u00e9e":"1 minute"},"schema":{"@context":"https:\/\/schema.org","@graph":[{"@type":"WebPage","@id":"https:\/\/www.parodieparodi.it\/fr\/services\/","url":"https:\/\/www.parodieparodi.it\/fr\/services\/","name":"Services - Parodi &amp; Parodi","isPartOf":{"@id":"https:\/\/www.parodieparodi.it\/fr\/#website"},"primaryImageOfPage":{"@id":"https:\/\/www.parodieparodi.it\/fr\/services\/#primaryimage"},"image":{"@id":"https:\/\/www.parodieparodi.it\/fr\/services\/#primaryimage"},"thumbnailUrl":"https:\/\/www.parodieparodi.it\/wp-content\/uploads\/2025\/08\/trasp_espositori.png","datePublished":"2025-08-13T15:05:50+00:00","dateModified":"2026-01-14T11:08:15+00:00","breadcrumb":{"@id":"https:\/\/www.parodieparodi.it\/fr\/services\/#breadcrumb"},"inLanguage":"fr-FR","potentialAction":[{"@type":"ReadAction","target":["https:\/\/www.parodieparodi.it\/fr\/services\/"]}]},{"@type":"ImageObject","inLanguage":"fr-FR","@id":"https:\/\/www.parodieparodi.it\/fr\/services\/#primaryimage","url":"https:\/\/www.parodieparodi.it\/wp-content\/uploads\/2025\/08\/trasp_espositori.png","contentUrl":"https:\/\/www.parodieparodi.it\/wp-content\/uploads\/2025\/08\/trasp_espositori.png"},{"@type":"BreadcrumbList","@id":"https:\/\/www.parodieparodi.it\/fr\/services\/#breadcrumb","itemListElement":[{"@type":"ListItem","position":1,"name":"Home","item":"https:\/\/www.parodieparodi.it\/fr\/"},{"@type":"ListItem","position":2,"name":"Services"}]},{"@type":"WebSite","@id":"https:\/\/www.parodieparodi.it\/fr\/#website","url":"https:\/\/www.parodieparodi.it\/fr\/","name":"Parodi & Parodi","description":"","publisher":{"@id":"https:\/\/www.parodieparodi.it\/fr\/#organization"},"potentialAction":[{"@type":"SearchAction","target":{"@type":"EntryPoint","urlTemplate":"https:\/\/www.parodieparodi.it\/fr\/?s={search_term_string}"},"query-input":{"@type":"PropertyValueSpecification","valueRequired":true,"valueName":"search_term_string"}}],"inLanguage":"fr-FR"},{"@type":"Organization","@id":"https:\/\/www.parodieparodi.it\/fr\/#organization","name":"Parodi & Parodi","url":"https:\/\/www.parodieparodi.it\/fr\/","logo":{"@type":"ImageObject","inLanguage":"fr-FR","@id":"https:\/\/www.parodieparodi.it\/fr\/#\/schema\/logo\/image\/","url":"https:\/\/www.parodieparodi.it\/wp-content\/uploads\/2025\/06\/logo_parodiparodi.png","contentUrl":"https:\/\/www.parodieparodi.it\/wp-content\/uploads\/2025\/06\/logo_parodiparodi.png","width":141,"height":111,"caption":"Parodi & Parodi"},"image":{"@id":"https:\/\/www.parodieparodi.it\/fr\/#\/schema\/logo\/image\/"},"sameAs":["https:\/\/www.facebook.com\/parodieparodi","https:\/\/www.linkedin.com\/company\/parodieparodi\/","https:\/\/www.instagram.com\/parodieparodidal1969\/"]}]}},"_links":{"self":[{"href":"https:\/\/www.parodieparodi.it\/fr\/wp-json\/wp\/v2\/pages\/1237","targetHints":{"allow":["GET"]}}],"collection":[{"href":"https:\/\/www.parodieparodi.it\/fr\/wp-json\/wp\/v2\/pages"}],"about":[{"href":"https:\/\/www.parodieparodi.it\/fr\/wp-json\/wp\/v2\/types\/page"}],"author":[{"embeddable":true,"href":"https:\/\/www.parodieparodi.it\/fr\/wp-json\/wp\/v2\/users\/1"}],"replies":[{"embeddable":true,"href":"https:\/\/www.parodieparodi.it\/fr\/wp-json\/wp\/v2\/comments?post=1237"}],"version-history":[{"count":1,"href":"https:\/\/www.parodieparodi.it\/fr\/wp-json\/wp\/v2\/pages\/1237\/revisions"}],"predecessor-version":[{"id":1238,"href":"https:\/\/www.parodieparodi.it\/fr\/wp-json\/wp\/v2\/pages\/1237\/revisions\/1238"}],"wp:attachment":[{"href":"https:\/\/www.parodieparodi.it\/fr\/wp-json\/wp\/v2\/media?parent=1237"}],"curies":[{"name":"wp","href":"https:\/\/api.w.org\/{rel}","templated":true}]}}