{"id":1230,"date":"2025-08-06T11:38:49","date_gmt":"2025-08-06T09:38:49","guid":{"rendered":"https:\/\/www.parodieparodi.it\/responsabilite\/"},"modified":"2026-01-14T12:42:13","modified_gmt":"2026-01-14T11:42:13","slug":"responsabilite","status":"publish","type":"page","link":"https:\/\/www.parodieparodi.it\/fr\/responsabilite\/","title":{"rendered":"Responsabilit\u00e9"},"content":{"rendered":"\t\t<div data-elementor-type=\"wp-page\" data-elementor-id=\"1230\" class=\"elementor elementor-1230 elementor-44\" data-elementor-post-type=\"page\">\n\t\t\t\t<div class=\"elementor-element elementor-element-3d6388f e-flex e-con-boxed e-con e-parent\" data-id=\"3d6388f\" data-element_type=\"container\">\n\t\t\t\t\t<div class=\"e-con-inner\">\n\t\t<div class=\"elementor-element elementor-element-7c900fb e-con-full e-flex e-con e-child\" data-id=\"7c900fb\" data-element_type=\"container\">\n\t\t\t\t<div class=\"elementor-element elementor-element-c609a99 elementor-widget elementor-widget-heading\" data-id=\"c609a99\" data-element_type=\"widget\" data-widget_type=\"heading.default\">\n\t\t\t\t<div class=\"elementor-widget-container\">\n\t\t\t\t\t<h2 class=\"elementor-heading-title elementor-size-default\">Notre conception de la durabilit\u00e9<\/h2>\t\t\t\t<\/div>\n\t\t\t\t<\/div>\n\t\t\t\t<div class=\"elementor-element elementor-element-5428632 elementor-widget elementor-widget-text-editor\" data-id=\"5428632\" data-element_type=\"widget\" data-widget_type=\"text-editor.default\">\n\t\t\t\t<div class=\"elementor-widget-container\">\n\t\t\t\t\t\t\t\t\t<p>Chez Parodi &#038; Parodi, la durabilit\u00e9 n&rsquo;est pas une mode, mais une fa\u00e7on d&rsquo;\u00eatre.<br \/>Nous sommes n\u00e9s en 1969 de valeurs artisanales faites de soin pour le produit, d&rsquo;attention aux personnes et de relations fond\u00e9es sur la confiance. Pour nous, une poign\u00e9e de main vaut plus qu&rsquo;un contrat.<br \/>Nous croyons qu&rsquo;une entreprise n&rsquo;est v\u00e9ritablement durable que lorsqu&rsquo;elle offre \u00e0 ceux qui y travaillent l&rsquo;espace pour cro\u00eetre. Car lorsqu&rsquo;une personne se d\u00e9veloppe, toute l&rsquo;organisation grandit.<br \/>Tous les deux ans, nous publions notre Rapport de Durabilit\u00e9, dans lequel nous racontons avec transparence les actions concr\u00e8tes que nous menons pour am\u00e9liorer le territoire qui nous entoure, d\u00e9velopper des produits responsables et offrir des services toujours plus attentifs aux personnes et \u00e0 l&rsquo;environnement.<br \/>En 2021, notre rapport de durabilit\u00e9 a \u00e9t\u00e9 s\u00e9lectionn\u00e9 parmi 1 500 par le Comit\u00e9 Consumer Lab, pour sa clart\u00e9 et pour avoir mis en lumi\u00e8re des pratiques exemplaires dans la promotion d&rsquo;une culture de durabilit\u00e9. Une reconnaissance qui nous a men\u00e9s \u00e0 entrer dans l&rsquo;INDEX FUTURE RESPECT 2021.<br \/>T\u00e9l\u00e9chargez notre Rapport de Durabilit\u00e9 et d\u00e9couvrez comment nous transformons chaque jour nos valeurs en actions concr\u00e8tes.<\/p>\n\t\t\t\t\t\t\t\t<\/div>\n\t\t\t\t<\/div>\n\t\t\t\t<div class=\"elementor-element elementor-element-c24ddb3 elementor-mobile-align-left elementor-widget elementor-widget-button\" data-id=\"c24ddb3\" data-element_type=\"widget\" data-widget_type=\"button.default\">\n\t\t\t\t<div class=\"elementor-widget-container\">\n\t\t\t\t\t\t\t\t\t<div class=\"elementor-button-wrapper\">\n\t\t\t\t\t<a class=\"elementor-button elementor-button-link elementor-size-sm\" href=\"https:\/\/www.parodieparodi.it\/wp-content\/uploads\/2025\/08\/REPORT-SOSTENIBILITA-2022-2023.pdf\">\n\t\t\t\t\t\t<span class=\"elementor-button-content-wrapper\">\n\t\t\t\t\t\t\t\t\t<span class=\"elementor-button-text\">T\u00e9l\u00e9charger le Rapport de Durabilit\u00e9<\/span>\n\t\t\t\t\t<\/span>\n\t\t\t\t\t<\/a>\n\t\t\t\t<\/div>\n\t\t\t\t\t\t\t\t<\/div>\n\t\t\t\t<\/div>\n\t\t\t\t<\/div>\n\t\t<div class=\"elementor-element elementor-element-f334157 e-con-full e-flex e-con e-child\" data-id=\"f334157\" data-element_type=\"container\">\n\t\t\t\t<div class=\"elementor-element elementor-element-9fc7d5c elementor-widget elementor-widget-image\" data-id=\"9fc7d5c\" data-element_type=\"widget\" data-widget_type=\"image.default\">\n\t\t\t\t<div class=\"elementor-widget-container\">\n\t\t\t\t\t\t\t\t\t\t\t\t\t\t\t<img fetchpriority=\"high\" decoding=\"async\" width=\"727\" height=\"1024\" src=\"https:\/\/www.parodieparodi.it\/wp-content\/uploads\/2025\/08\/REPORT-SOSTENIBILITA-2022-2023-1-727x1024.jpg\" class=\"attachment-large size-large wp-image-1229\" alt=\"\" srcset=\"https:\/\/www.parodieparodi.it\/wp-content\/uploads\/2025\/08\/REPORT-SOSTENIBILITA-2022-2023-1-727x1024.jpg 727w, https:\/\/www.parodieparodi.it\/wp-content\/uploads\/2025\/08\/REPORT-SOSTENIBILITA-2022-2023-1-213x300.jpg 213w, https:\/\/www.parodieparodi.it\/wp-content\/uploads\/2025\/08\/REPORT-SOSTENIBILITA-2022-2023-1-768x1082.jpg 768w, https:\/\/www.parodieparodi.it\/wp-content\/uploads\/2025\/08\/REPORT-SOSTENIBILITA-2022-2023-1-1091x1536.jpg 1091w, https:\/\/www.parodieparodi.it\/wp-content\/uploads\/2025\/08\/REPORT-SOSTENIBILITA-2022-2023-1.jpg 1200w\" sizes=\"(max-width: 727px) 100vw, 727px\" \/>\t\t\t\t\t\t\t\t\t\t\t\t\t\t\t<\/div>\n\t\t\t\t<\/div>\n\t\t\t\t<\/div>\n\t\t\t\t\t<\/div>\n\t\t\t\t<\/div>\n\t\t\t\t<\/div>\n\t\t","protected":false},"excerpt":{"rendered":"<p>Notre conception de la durabilit\u00e9 Chez Parodi &#038; Parodi, la durabilit\u00e9 n&rsquo;est pas une mode, mais une fa\u00e7on d&rsquo;\u00eatre.Nous sommes n\u00e9s en 1969 de valeurs artisanales faites de soin pour le produit, d&rsquo;attention aux personnes et de relations fond\u00e9es sur la confiance. Pour nous, une poign\u00e9e de main vaut plus qu&rsquo;un contrat.Nous croyons qu&rsquo;une entreprise [&hellip;]<\/p>\n","protected":false},"author":1,"featured_media":0,"parent":0,"menu_order":0,"comment_status":"closed","ping_status":"closed","template":"","meta":{"footnotes":""},"class_list":["post-1230","page","type-page","status-publish","hentry"],"yoast_head":"<!-- This site is optimized with the Yoast SEO plugin v26.1.1 - https:\/\/yoast.com\/wordpress\/plugins\/seo\/ -->\n<title>Responsabilit\u00e9 - Parodi &amp; Parodi<\/title>\n<meta name=\"robots\" content=\"index, follow, max-snippet:-1, max-image-preview:large, max-video-preview:-1\" \/>\n<link rel=\"canonical\" href=\"https:\/\/www.parodieparodi.it\/fr\/responsabilite\/\" \/>\n<meta property=\"og:locale\" content=\"fr_FR\" \/>\n<meta property=\"og:type\" content=\"article\" \/>\n<meta property=\"og:title\" content=\"Responsabilit\u00e9 - Parodi &amp; Parodi\" \/>\n<meta property=\"og:description\" content=\"Notre conception de la durabilit\u00e9 Chez Parodi &#038; Parodi, la durabilit\u00e9 n&rsquo;est pas une mode, mais une fa\u00e7on d&rsquo;\u00eatre.Nous sommes n\u00e9s en 1969 de valeurs artisanales faites de soin pour le produit, d&rsquo;attention aux personnes et de relations fond\u00e9es sur la confiance. Pour nous, une poign\u00e9e de main vaut plus qu&rsquo;un contrat.Nous croyons qu&rsquo;une entreprise [&hellip;]\" \/>\n<meta property=\"og:url\" content=\"https:\/\/www.parodieparodi.it\/fr\/responsabilite\/\" \/>\n<meta property=\"og:site_name\" content=\"Parodi &amp; Parodi\" \/>\n<meta property=\"article:publisher\" content=\"https:\/\/www.facebook.com\/parodieparodi\" \/>\n<meta property=\"article:modified_time\" content=\"2026-01-14T11:42:13+00:00\" \/>\n<meta property=\"og:image\" content=\"https:\/\/www.parodieparodi.it\/wp-content\/uploads\/2025\/08\/REPORT-SOSTENIBILITA-2022-2023-1.jpg\" \/>\n\t<meta property=\"og:image:width\" content=\"1200\" \/>\n\t<meta property=\"og:image:height\" content=\"1690\" \/>\n\t<meta property=\"og:image:type\" content=\"image\/jpeg\" \/>\n<meta name=\"twitter:card\" content=\"summary_large_image\" \/>\n<meta name=\"twitter:label1\" content=\"Dur\u00e9e de lecture estim\u00e9e\" \/>\n\t<meta name=\"twitter:data1\" content=\"1 minute\" \/>\n<script type=\"application\/ld+json\" class=\"yoast-schema-graph\">{\"@context\":\"https:\/\/schema.org\",\"@graph\":[{\"@type\":\"WebPage\",\"@id\":\"https:\/\/www.parodieparodi.it\/fr\/responsabilite\/\",\"url\":\"https:\/\/www.parodieparodi.it\/fr\/responsabilite\/\",\"name\":\"Responsabilit\u00e9 - Parodi &amp; Parodi\",\"isPartOf\":{\"@id\":\"https:\/\/www.parodieparodi.it\/fr\/#website\"},\"primaryImageOfPage\":{\"@id\":\"https:\/\/www.parodieparodi.it\/fr\/responsabilite\/#primaryimage\"},\"image\":{\"@id\":\"https:\/\/www.parodieparodi.it\/fr\/responsabilite\/#primaryimage\"},\"thumbnailUrl\":\"https:\/\/www.parodieparodi.it\/wp-content\/uploads\/2025\/08\/REPORT-SOSTENIBILITA-2022-2023-1-727x1024.jpg\",\"datePublished\":\"2025-08-06T09:38:49+00:00\",\"dateModified\":\"2026-01-14T11:42:13+00:00\",\"breadcrumb\":{\"@id\":\"https:\/\/www.parodieparodi.it\/fr\/responsabilite\/#breadcrumb\"},\"inLanguage\":\"fr-FR\",\"potentialAction\":[{\"@type\":\"ReadAction\",\"target\":[\"https:\/\/www.parodieparodi.it\/fr\/responsabilite\/\"]}]},{\"@type\":\"ImageObject\",\"inLanguage\":\"fr-FR\",\"@id\":\"https:\/\/www.parodieparodi.it\/fr\/responsabilite\/#primaryimage\",\"url\":\"https:\/\/www.parodieparodi.it\/wp-content\/uploads\/2025\/08\/REPORT-SOSTENIBILITA-2022-2023-1-727x1024.jpg\",\"contentUrl\":\"https:\/\/www.parodieparodi.it\/wp-content\/uploads\/2025\/08\/REPORT-SOSTENIBILITA-2022-2023-1-727x1024.jpg\"},{\"@type\":\"BreadcrumbList\",\"@id\":\"https:\/\/www.parodieparodi.it\/fr\/responsabilite\/#breadcrumb\",\"itemListElement\":[{\"@type\":\"ListItem\",\"position\":1,\"name\":\"Home\",\"item\":\"https:\/\/www.parodieparodi.it\/fr\/\"},{\"@type\":\"ListItem\",\"position\":2,\"name\":\"Responsabilit\u00e9\"}]},{\"@type\":\"WebSite\",\"@id\":\"https:\/\/www.parodieparodi.it\/fr\/#website\",\"url\":\"https:\/\/www.parodieparodi.it\/fr\/\",\"name\":\"Parodi & Parodi\",\"description\":\"\",\"publisher\":{\"@id\":\"https:\/\/www.parodieparodi.it\/fr\/#organization\"},\"potentialAction\":[{\"@type\":\"SearchAction\",\"target\":{\"@type\":\"EntryPoint\",\"urlTemplate\":\"https:\/\/www.parodieparodi.it\/fr\/?s={search_term_string}\"},\"query-input\":{\"@type\":\"PropertyValueSpecification\",\"valueRequired\":true,\"valueName\":\"search_term_string\"}}],\"inLanguage\":\"fr-FR\"},{\"@type\":\"Organization\",\"@id\":\"https:\/\/www.parodieparodi.it\/fr\/#organization\",\"name\":\"Parodi & Parodi\",\"url\":\"https:\/\/www.parodieparodi.it\/fr\/\",\"logo\":{\"@type\":\"ImageObject\",\"inLanguage\":\"fr-FR\",\"@id\":\"https:\/\/www.parodieparodi.it\/fr\/#\/schema\/logo\/image\/\",\"url\":\"https:\/\/www.parodieparodi.it\/wp-content\/uploads\/2025\/06\/logo_parodiparodi.png\",\"contentUrl\":\"https:\/\/www.parodieparodi.it\/wp-content\/uploads\/2025\/06\/logo_parodiparodi.png\",\"width\":141,\"height\":111,\"caption\":\"Parodi & Parodi\"},\"image\":{\"@id\":\"https:\/\/www.parodieparodi.it\/fr\/#\/schema\/logo\/image\/\"},\"sameAs\":[\"https:\/\/www.facebook.com\/parodieparodi\",\"https:\/\/www.linkedin.com\/company\/parodieparodi\/\",\"https:\/\/www.instagram.com\/parodieparodidal1969\/\"]}]}<\/script>\n<!-- \/ Yoast SEO plugin. -->","yoast_head_json":{"title":"Responsabilit\u00e9 - Parodi &amp; Parodi","robots":{"index":"index","follow":"follow","max-snippet":"max-snippet:-1","max-image-preview":"max-image-preview:large","max-video-preview":"max-video-preview:-1"},"canonical":"https:\/\/www.parodieparodi.it\/fr\/responsabilite\/","og_locale":"fr_FR","og_type":"article","og_title":"Responsabilit\u00e9 - Parodi &amp; Parodi","og_description":"Notre conception de la durabilit\u00e9 Chez Parodi &#038; Parodi, la durabilit\u00e9 n&rsquo;est pas une mode, mais une fa\u00e7on d&rsquo;\u00eatre.Nous sommes n\u00e9s en 1969 de valeurs artisanales faites de soin pour le produit, d&rsquo;attention aux personnes et de relations fond\u00e9es sur la confiance. Pour nous, une poign\u00e9e de main vaut plus qu&rsquo;un contrat.Nous croyons qu&rsquo;une entreprise [&hellip;]","og_url":"https:\/\/www.parodieparodi.it\/fr\/responsabilite\/","og_site_name":"Parodi &amp; Parodi","article_publisher":"https:\/\/www.facebook.com\/parodieparodi","article_modified_time":"2026-01-14T11:42:13+00:00","og_image":[{"width":1200,"height":1690,"url":"https:\/\/www.parodieparodi.it\/wp-content\/uploads\/2025\/08\/REPORT-SOSTENIBILITA-2022-2023-1.jpg","type":"image\/jpeg"}],"twitter_card":"summary_large_image","twitter_misc":{"Dur\u00e9e de lecture estim\u00e9e":"1 minute"},"schema":{"@context":"https:\/\/schema.org","@graph":[{"@type":"WebPage","@id":"https:\/\/www.parodieparodi.it\/fr\/responsabilite\/","url":"https:\/\/www.parodieparodi.it\/fr\/responsabilite\/","name":"Responsabilit\u00e9 - Parodi &amp; Parodi","isPartOf":{"@id":"https:\/\/www.parodieparodi.it\/fr\/#website"},"primaryImageOfPage":{"@id":"https:\/\/www.parodieparodi.it\/fr\/responsabilite\/#primaryimage"},"image":{"@id":"https:\/\/www.parodieparodi.it\/fr\/responsabilite\/#primaryimage"},"thumbnailUrl":"https:\/\/www.parodieparodi.it\/wp-content\/uploads\/2025\/08\/REPORT-SOSTENIBILITA-2022-2023-1-727x1024.jpg","datePublished":"2025-08-06T09:38:49+00:00","dateModified":"2026-01-14T11:42:13+00:00","breadcrumb":{"@id":"https:\/\/www.parodieparodi.it\/fr\/responsabilite\/#breadcrumb"},"inLanguage":"fr-FR","potentialAction":[{"@type":"ReadAction","target":["https:\/\/www.parodieparodi.it\/fr\/responsabilite\/"]}]},{"@type":"ImageObject","inLanguage":"fr-FR","@id":"https:\/\/www.parodieparodi.it\/fr\/responsabilite\/#primaryimage","url":"https:\/\/www.parodieparodi.it\/wp-content\/uploads\/2025\/08\/REPORT-SOSTENIBILITA-2022-2023-1-727x1024.jpg","contentUrl":"https:\/\/www.parodieparodi.it\/wp-content\/uploads\/2025\/08\/REPORT-SOSTENIBILITA-2022-2023-1-727x1024.jpg"},{"@type":"BreadcrumbList","@id":"https:\/\/www.parodieparodi.it\/fr\/responsabilite\/#breadcrumb","itemListElement":[{"@type":"ListItem","position":1,"name":"Home","item":"https:\/\/www.parodieparodi.it\/fr\/"},{"@type":"ListItem","position":2,"name":"Responsabilit\u00e9"}]},{"@type":"WebSite","@id":"https:\/\/www.parodieparodi.it\/fr\/#website","url":"https:\/\/www.parodieparodi.it\/fr\/","name":"Parodi & Parodi","description":"","publisher":{"@id":"https:\/\/www.parodieparodi.it\/fr\/#organization"},"potentialAction":[{"@type":"SearchAction","target":{"@type":"EntryPoint","urlTemplate":"https:\/\/www.parodieparodi.it\/fr\/?s={search_term_string}"},"query-input":{"@type":"PropertyValueSpecification","valueRequired":true,"valueName":"search_term_string"}}],"inLanguage":"fr-FR"},{"@type":"Organization","@id":"https:\/\/www.parodieparodi.it\/fr\/#organization","name":"Parodi & Parodi","url":"https:\/\/www.parodieparodi.it\/fr\/","logo":{"@type":"ImageObject","inLanguage":"fr-FR","@id":"https:\/\/www.parodieparodi.it\/fr\/#\/schema\/logo\/image\/","url":"https:\/\/www.parodieparodi.it\/wp-content\/uploads\/2025\/06\/logo_parodiparodi.png","contentUrl":"https:\/\/www.parodieparodi.it\/wp-content\/uploads\/2025\/06\/logo_parodiparodi.png","width":141,"height":111,"caption":"Parodi & Parodi"},"image":{"@id":"https:\/\/www.parodieparodi.it\/fr\/#\/schema\/logo\/image\/"},"sameAs":["https:\/\/www.facebook.com\/parodieparodi","https:\/\/www.linkedin.com\/company\/parodieparodi\/","https:\/\/www.instagram.com\/parodieparodidal1969\/"]}]}},"_links":{"self":[{"href":"https:\/\/www.parodieparodi.it\/fr\/wp-json\/wp\/v2\/pages\/1230","targetHints":{"allow":["GET"]}}],"collection":[{"href":"https:\/\/www.parodieparodi.it\/fr\/wp-json\/wp\/v2\/pages"}],"about":[{"href":"https:\/\/www.parodieparodi.it\/fr\/wp-json\/wp\/v2\/types\/page"}],"author":[{"embeddable":true,"href":"https:\/\/www.parodieparodi.it\/fr\/wp-json\/wp\/v2\/users\/1"}],"replies":[{"embeddable":true,"href":"https:\/\/www.parodieparodi.it\/fr\/wp-json\/wp\/v2\/comments?post=1230"}],"version-history":[{"count":5,"href":"https:\/\/www.parodieparodi.it\/fr\/wp-json\/wp\/v2\/pages\/1230\/revisions"}],"predecessor-version":[{"id":1387,"href":"https:\/\/www.parodieparodi.it\/fr\/wp-json\/wp\/v2\/pages\/1230\/revisions\/1387"}],"wp:attachment":[{"href":"https:\/\/www.parodieparodi.it\/fr\/wp-json\/wp\/v2\/media?parent=1230"}],"curies":[{"name":"wp","href":"https:\/\/api.w.org\/{rel}","templated":true}]}}