{"id":1225,"date":"2025-08-13T17:08:34","date_gmt":"2025-08-13T15:08:34","guid":{"rendered":"https:\/\/www.parodieparodi.it\/demander-le-catalogue\/"},"modified":"2026-01-14T12:05:13","modified_gmt":"2026-01-14T11:05:13","slug":"demander-le-catalogue","status":"publish","type":"page","link":"https:\/\/www.parodieparodi.it\/fr\/demander-le-catalogue\/","title":{"rendered":"DEMANDER LE CATALOGUE"},"content":{"rendered":"\t\t<div data-elementor-type=\"wp-page\" data-elementor-id=\"1225\" class=\"elementor elementor-1225 elementor-174\" data-elementor-post-type=\"page\">\n\t\t\t\t<div class=\"elementor-element elementor-element-280bb28 e-flex e-con-boxed e-con e-parent\" data-id=\"280bb28\" data-element_type=\"container\">\n\t\t\t\t\t<div class=\"e-con-inner\">\n\t\t<div class=\"elementor-element elementor-element-c6f0ba2 e-con-full e-flex e-con e-child\" data-id=\"c6f0ba2\" data-element_type=\"container\">\n\t\t\t\t<div class=\"elementor-element elementor-element-d3d6734 elementor-widget elementor-widget-text-editor\" data-id=\"d3d6734\" data-element_type=\"widget\" data-widget_type=\"text-editor.default\">\n\t\t\t\t<div class=\"elementor-widget-container\">\n\t\t\t\t\t\t\t\t\t<p>Compl\u00e9tez ce formulaire pour demander notre catalogue. V<em>euillez remplir tous les champs obligatoires.<\/em><br \/>Nous vous r\u00e9pondrons d\u00e8s que possible. La soumission de ce formulaire implique le consentement au traitement de vos donn\u00e9es conform\u00e9ment aux lois applicables sur la protection des donn\u00e9es.<br \/>Lisez les informations sur la confidentialit\u00e9 de notre site.<\/p>\n\t\t\t\t\t\t\t\t<\/div>\n\t\t\t\t<\/div>\n\t\t\t\t<\/div>\n\t\t<div class=\"elementor-element elementor-element-239969e e-con-full e-flex e-con e-child\" data-id=\"239969e\" data-element_type=\"container\">\n\t\t\t\t<div class=\"elementor-element elementor-element-f75f96f elementor-button-align-start elementor-widget elementor-widget-form\" data-id=\"f75f96f\" data-element_type=\"widget\" data-settings=\"{&quot;step_next_label&quot;:&quot;Successivo&quot;,&quot;step_previous_label&quot;:&quot;Precedente&quot;,&quot;button_width&quot;:&quot;100&quot;,&quot;step_type&quot;:&quot;number_text&quot;,&quot;step_icon_shape&quot;:&quot;circle&quot;}\" data-widget_type=\"form.default\">\n\t\t\t\t<div class=\"elementor-widget-container\">\n\t\t\t\t\t\t\t<form class=\"elementor-form\" method=\"post\" name=\"catalogo\" aria-label=\"catalogo\">\n\t\t\t<input type=\"hidden\" name=\"post_id\" value=\"1225\"\/>\n\t\t\t<input type=\"hidden\" name=\"form_id\" value=\"f75f96f\"\/>\n\t\t\t<input type=\"hidden\" name=\"referer_title\" value=\"DEMANDER LE CATALOGUE - Parodi &amp; Parodi\" \/>\n\n\t\t\t\t\t\t\t<input type=\"hidden\" name=\"queried_id\" value=\"1225\"\/>\n\t\t\t\n\t\t\t<div class=\"elementor-form-fields-wrapper elementor-labels-above\">\n\t\t\t\t\t\t\t\t<div class=\"elementor-field-type-text elementor-field-group elementor-column elementor-field-group-name elementor-col-50\">\n\t\t\t\t\t\t\t\t\t\t\t\t<label for=\"form-field-name\" class=\"elementor-field-label\">\n\t\t\t\t\t\t\t\tPersonne r\u00e9f\u00e9rente \t\t\t\t\t\t\t<\/label>\n\t\t\t\t\t\t\t\t\t\t\t\t\t\t<input size=\"1\" type=\"text\" name=\"form_fields[name]\" id=\"form-field-name\" class=\"elementor-field elementor-size-sm  elementor-field-textual\" placeholder=\"Personne r\u00e9f\u00e9rente \">\n\t\t\t\t\t\t\t\t\t\t\t<\/div>\n\t\t\t\t\t\t\t\t<div class=\"elementor-field-type-text elementor-field-group elementor-column elementor-field-group-field_c1ee7a4 elementor-col-50\">\n\t\t\t\t\t\t\t\t\t\t\t\t<label for=\"form-field-field_c1ee7a4\" class=\"elementor-field-label\">\n\t\t\t\t\t\t\t\tEntreprise \t\t\t\t\t\t\t<\/label>\n\t\t\t\t\t\t\t\t\t\t\t\t\t\t<input size=\"1\" type=\"text\" name=\"form_fields[field_c1ee7a4]\" id=\"form-field-field_c1ee7a4\" class=\"elementor-field elementor-size-sm  elementor-field-textual\" placeholder=\"Entreprise \">\n\t\t\t\t\t\t\t\t\t\t\t<\/div>\n\t\t\t\t\t\t\t\t<div class=\"elementor-field-type-text elementor-field-group elementor-column elementor-field-group-field_546ae10 elementor-col-50\">\n\t\t\t\t\t\t\t\t\t\t\t\t<label for=\"form-field-field_546ae10\" class=\"elementor-field-label\">\n\t\t\t\t\t\t\t\tAdresse \t\t\t\t\t\t\t<\/label>\n\t\t\t\t\t\t\t\t\t\t\t\t\t\t<input size=\"1\" type=\"text\" name=\"form_fields[field_546ae10]\" id=\"form-field-field_546ae10\" class=\"elementor-field elementor-size-sm  elementor-field-textual\" placeholder=\"Adresse \">\n\t\t\t\t\t\t\t\t\t\t\t<\/div>\n\t\t\t\t\t\t\t\t<div class=\"elementor-field-type-email elementor-field-group elementor-column elementor-field-group-email elementor-col-50 elementor-field-required\">\n\t\t\t\t\t\t\t\t\t\t\t\t<label for=\"form-field-email\" class=\"elementor-field-label\">\n\t\t\t\t\t\t\t\tEmail\t\t\t\t\t\t\t<\/label>\n\t\t\t\t\t\t\t\t\t\t\t\t\t\t<input size=\"1\" type=\"email\" name=\"form_fields[email]\" id=\"form-field-email\" class=\"elementor-field elementor-size-sm  elementor-field-textual\" placeholder=\"Email\" required=\"required\">\n\t\t\t\t\t\t\t\t\t\t\t<\/div>\n\t\t\t\t\t\t\t\t<div class=\"elementor-field-type-tel elementor-field-group elementor-column elementor-field-group-field_b65615d elementor-col-50 elementor-field-required\">\n\t\t\t\t\t\t\t\t\t\t\t\t<label for=\"form-field-field_b65615d\" class=\"elementor-field-label\">\n\t\t\t\t\t\t\t\tT\u00e9l\u00e9phone\t\t\t\t\t\t\t<\/label>\n\t\t\t\t\t\t\t\t<input size=\"1\" type=\"tel\" name=\"form_fields[field_b65615d]\" id=\"form-field-field_b65615d\" class=\"elementor-field elementor-size-sm  elementor-field-textual\" placeholder=\"T\u00e9l\u00e9phone\" required=\"required\" pattern=\"[0-9()#&amp;+*-=.]+\" title=\"Seuls les caract\u00e8res de num\u00e9ros de t\u00e9l\u00e9phone (#, -, *, etc.) sont accept\u00e9s.\">\n\n\t\t\t\t\t\t<\/div>\n\t\t\t\t\t\t\t\t<div class=\"elementor-field-type-text elementor-field-group elementor-column elementor-field-group-field_e00f1ac elementor-col-50 elementor-field-required\">\n\t\t\t\t\t\t\t\t\t\t\t\t<label for=\"form-field-field_e00f1ac\" class=\"elementor-field-label\">\n\t\t\t\t\t\t\t\tCode Postal - Ville - R\u00e9gion \t\t\t\t\t\t\t<\/label>\n\t\t\t\t\t\t\t\t\t\t\t\t\t\t<input size=\"1\" type=\"text\" name=\"form_fields[field_e00f1ac]\" id=\"form-field-field_e00f1ac\" class=\"elementor-field elementor-size-sm  elementor-field-textual\" placeholder=\"Code Postal - Ville - R\u00e9gion \" required=\"required\">\n\t\t\t\t\t\t\t\t\t\t\t<\/div>\n\t\t\t\t\t\t\t\t<div class=\"elementor-field-type-radio elementor-field-group elementor-column elementor-field-group-field_fbe768b elementor-col-50\">\n\t\t\t\t\t\t\t\t\t\t\t\t<label for=\"form-field-field_fbe768b\" class=\"elementor-field-label\">\n\t\t\t\t\t\t\t\tType de catalogue\t\t\t\t\t\t\t<\/label>\n\t\t\t\t\t\t<div class=\"elementor-field-subgroup  \"><span class=\"elementor-field-option\"><input type=\"radio\" value=\"Ligne domestique\" id=\"form-field-field_fbe768b-0\" name=\"form_fields[field_fbe768b]\"> <label for=\"form-field-field_fbe768b-0\">Ligne domestique<\/label><\/span><span class=\"elementor-field-option\"><input type=\"radio\" value=\"Nettoyage Professionnel\" id=\"form-field-field_fbe768b-1\" name=\"form_fields[field_fbe768b]\"> <label for=\"form-field-field_fbe768b-1\">Nettoyage Professionnel<\/label><\/span><span class=\"elementor-field-option\"><input type=\"radio\" value=\"Ligne Pet\" id=\"form-field-field_fbe768b-2\" name=\"form_fields[field_fbe768b]\"> <label for=\"form-field-field_fbe768b-2\">Ligne Pet<\/label><\/span><span class=\"elementor-field-option\"><input type=\"radio\" value=\"\" id=\"form-field-field_fbe768b-3\" name=\"form_fields[field_fbe768b]\"> <label for=\"form-field-field_fbe768b-3\"><\/label><\/span><\/div>\t\t\t\t<\/div>\n\t\t\t\t\t\t\t\t<div class=\"elementor-field-type-radio elementor-field-group elementor-column elementor-field-group-field_c03494e elementor-col-50\">\n\t\t\t\t\t\t\t\t\t\t\t\t<label for=\"form-field-field_c03494e\" class=\"elementor-field-label\">\n\t\t\t\t\t\t\t\tComment nous avez-vous connu ?\t\t\t\t\t\t\t<\/label>\n\t\t\t\t\t\t<div class=\"elementor-field-subgroup  \"><span class=\"elementor-field-option\"><input type=\"radio\" value=\"Moteurs de Recherche\" id=\"form-field-field_c03494e-0\" name=\"form_fields[field_c03494e]\"> <label for=\"form-field-field_c03494e-0\">Moteurs de Recherche<\/label><\/span><span class=\"elementor-field-option\"><input type=\"radio\" value=\"Bouche-\u00e0-oreille\" id=\"form-field-field_c03494e-1\" name=\"form_fields[field_c03494e]\"> <label for=\"form-field-field_c03494e-1\">Bouche-\u00e0-oreille<\/label><\/span><span class=\"elementor-field-option\"><input type=\"radio\" value=\"Client existant\" id=\"form-field-field_c03494e-2\" name=\"form_fields[field_c03494e]\"> <label for=\"form-field-field_c03494e-2\">Client existant<\/label><\/span><span class=\"elementor-field-option\"><input type=\"radio\" value=\"Salons professionnels\" id=\"form-field-field_c03494e-3\" name=\"form_fields[field_c03494e]\"> <label for=\"form-field-field_c03494e-3\">Salons professionnels<\/label><\/span><span class=\"elementor-field-option\"><input type=\"radio\" value=\"Autre\" id=\"form-field-field_c03494e-4\" name=\"form_fields[field_c03494e]\"> <label for=\"form-field-field_c03494e-4\">Autre<\/label><\/span><span class=\"elementor-field-option\"><input type=\"radio\" value=\"\" id=\"form-field-field_c03494e-5\" name=\"form_fields[field_c03494e]\"> <label for=\"form-field-field_c03494e-5\"><\/label><\/span><\/div>\t\t\t\t<\/div>\n\t\t\t\t\t\t\t\t<div class=\"elementor-field-type-radio elementor-field-group elementor-column elementor-field-group-field_69c26a6 elementor-col-100\">\n\t\t\t\t\t\t\t\t\t\t\t\t<label for=\"form-field-field_69c26a6\" class=\"elementor-field-label\">\n\t\t\t\t\t\t\t\tType de contact\t\t\t\t\t\t\t<\/label>\n\t\t\t\t\t\t<div class=\"elementor-field-subgroup  \"><span class=\"elementor-field-option\"><input type=\"radio\" value=\"Grossiste\" id=\"form-field-field_69c26a6-0\" name=\"form_fields[field_69c26a6]\"> <label for=\"form-field-field_69c26a6-0\">Grossiste<\/label><\/span><span class=\"elementor-field-option\"><input type=\"radio\" value=\"Distributeur articles m\u00e9nagers\" id=\"form-field-field_69c26a6-1\" name=\"form_fields[field_69c26a6]\"> <label for=\"form-field-field_69c26a6-1\">Distributeur articles m\u00e9nagers<\/label><\/span><span class=\"elementor-field-option\"><input type=\"radio\" value=\"Grande Distribution\" id=\"form-field-field_69c26a6-2\" name=\"form_fields[field_69c26a6]\"> <label for=\"form-field-field_69c26a6-2\">Grande Distribution<\/label><\/span><span class=\"elementor-field-option\"><input type=\"radio\" value=\"Commerce sp\u00e9cialis\u00e9\" id=\"form-field-field_69c26a6-3\" name=\"form_fields[field_69c26a6]\"> <label for=\"form-field-field_69c26a6-3\">Commerce sp\u00e9cialis\u00e9<\/label><\/span><span class=\"elementor-field-option\"><input type=\"radio\" value=\"Client particulier\" id=\"form-field-field_69c26a6-4\" name=\"form_fields[field_69c26a6]\"> <label for=\"form-field-field_69c26a6-4\">Client particulier<\/label><\/span><span class=\"elementor-field-option\"><input type=\"radio\" value=\"Client existant\" id=\"form-field-field_69c26a6-5\" name=\"form_fields[field_69c26a6]\"> <label for=\"form-field-field_69c26a6-5\">Client existant<\/label><\/span><span class=\"elementor-field-option\"><input type=\"radio\" value=\"Autre\" id=\"form-field-field_69c26a6-6\" name=\"form_fields[field_69c26a6]\"> <label for=\"form-field-field_69c26a6-6\">Autre<\/label><\/span><\/div>\t\t\t\t<\/div>\n\t\t\t\t\t\t\t\t<div class=\"elementor-field-type-textarea elementor-field-group elementor-column elementor-field-group-message elementor-col-100\">\n\t\t\t\t\t\t\t\t\t\t\t\t<label for=\"form-field-message\" class=\"elementor-field-label\">\n\t\t\t\t\t\t\t\tMessage\t\t\t\t\t\t\t<\/label>\n\t\t\t\t\t\t<textarea class=\"elementor-field-textual elementor-field  elementor-size-sm\" name=\"form_fields[message]\" id=\"form-field-message\" rows=\"4\" placeholder=\"Message\"><\/textarea>\t\t\t\t<\/div>\n\t\t\t\t\t\t\t\t<div class=\"elementor-field-type-text\">\n\t\t\t\t\t<input size=\"1\" type=\"text\" name=\"form_fields[field_14aa17a]\" id=\"form-field-field_14aa17a\" class=\"elementor-field elementor-size-sm \" style=\"display:none !important;\">\t\t\t\t<\/div>\n\t\t\t\t\t\t\t\t<div class=\"elementor-field-type-acceptance elementor-field-group elementor-column elementor-field-group-field_b6b8c88 elementor-col-100\">\n\t\t\t\t\t\t\t<div class=\"elementor-field-subgroup\">\n\t\t\t<span class=\"elementor-field-option\">\n\t\t\t\t<input type=\"checkbox\" name=\"form_fields[field_b6b8c88]\" id=\"form-field-field_b6b8c88\" class=\"elementor-field elementor-size-sm  elementor-acceptance-field\">\n\t\t\t\t<label for=\"form-field-field_b6b8c88\">J'ai lu et approuv\u00e9 la <a href=\"https:\/\/www.parodieparodi.it\/wp-content\/uploads\/2025\/08\/informativa_parodieparodi.pdf\" target=\"_black\">politique de confidentialit\u00e9<\/a>.<\/label>\t\t\t<\/span>\n\t\t<\/div>\n\t\t\t\t\t\t<\/div>\n\t\t\t\t\t\t\t\t<div class=\"elementor-field-group elementor-column elementor-field-type-submit elementor-col-100 e-form__buttons\">\n\t\t\t\t\t<button class=\"elementor-button elementor-size-sm\" type=\"submit\">\n\t\t\t\t\t\t<span class=\"elementor-button-content-wrapper\">\n\t\t\t\t\t\t\t\t\t\t\t\t\t\t\t\t\t\t\t\t\t\t<span class=\"elementor-button-text\">Envoie<\/span>\n\t\t\t\t\t\t\t\t\t\t\t\t\t<\/span>\n\t\t\t\t\t<\/button>\n\t\t\t\t<\/div>\n\t\t\t<\/div>\n\t\t<\/form>\n\t\t\t\t\t\t<\/div>\n\t\t\t\t<\/div>\n\t\t\t\t<\/div>\n\t\t\t\t\t<\/div>\n\t\t\t\t<\/div>\n\t\t\t\t<\/div>\n\t\t","protected":false},"excerpt":{"rendered":"<p>Compl\u00e9tez ce formulaire pour demander notre catalogue. Veuillez remplir tous les champs obligatoires.Nous vous r\u00e9pondrons d\u00e8s que possible. La soumission de ce formulaire implique le consentement au traitement de vos donn\u00e9es conform\u00e9ment aux lois applicables sur la protection des donn\u00e9es.Lisez les informations sur la confidentialit\u00e9 de notre site.<\/p>\n","protected":false},"author":1,"featured_media":0,"parent":0,"menu_order":0,"comment_status":"closed","ping_status":"closed","template":"","meta":{"footnotes":""},"class_list":["post-1225","page","type-page","status-publish","hentry"],"yoast_head":"<!-- This site is optimized with the Yoast SEO plugin v26.1.1 - https:\/\/yoast.com\/wordpress\/plugins\/seo\/ -->\n<title>DEMANDER LE CATALOGUE - Parodi &amp; Parodi<\/title>\n<meta name=\"robots\" content=\"index, follow, max-snippet:-1, max-image-preview:large, max-video-preview:-1\" \/>\n<link rel=\"canonical\" href=\"https:\/\/www.parodieparodi.it\/fr\/demander-le-catalogue\/\" \/>\n<meta property=\"og:locale\" content=\"fr_FR\" \/>\n<meta property=\"og:type\" content=\"article\" \/>\n<meta property=\"og:title\" content=\"DEMANDER LE CATALOGUE - Parodi &amp; Parodi\" \/>\n<meta property=\"og:description\" content=\"Compl\u00e9tez ce formulaire pour demander notre catalogue. Veuillez remplir tous les champs obligatoires.Nous vous r\u00e9pondrons d\u00e8s que possible. La soumission de ce formulaire implique le consentement au traitement de vos donn\u00e9es conform\u00e9ment aux lois applicables sur la protection des donn\u00e9es.Lisez les informations sur la confidentialit\u00e9 de notre site.\" \/>\n<meta property=\"og:url\" content=\"https:\/\/www.parodieparodi.it\/fr\/demander-le-catalogue\/\" \/>\n<meta property=\"og:site_name\" content=\"Parodi &amp; Parodi\" \/>\n<meta property=\"article:publisher\" content=\"https:\/\/www.facebook.com\/parodieparodi\" \/>\n<meta property=\"article:modified_time\" content=\"2026-01-14T11:05:13+00:00\" \/>\n<meta property=\"og:image\" content=\"https:\/\/www.parodieparodi.it\/wp-content\/uploads\/2025\/10\/share.jpg\" \/>\n\t<meta property=\"og:image:width\" content=\"1200\" \/>\n\t<meta property=\"og:image:height\" content=\"675\" \/>\n\t<meta property=\"og:image:type\" content=\"image\/jpeg\" \/>\n<meta name=\"twitter:card\" content=\"summary_large_image\" \/>\n<script type=\"application\/ld+json\" class=\"yoast-schema-graph\">{\"@context\":\"https:\/\/schema.org\",\"@graph\":[{\"@type\":\"WebPage\",\"@id\":\"https:\/\/www.parodieparodi.it\/fr\/demander-le-catalogue\/\",\"url\":\"https:\/\/www.parodieparodi.it\/fr\/demander-le-catalogue\/\",\"name\":\"DEMANDER LE CATALOGUE - Parodi &amp; Parodi\",\"isPartOf\":{\"@id\":\"https:\/\/www.parodieparodi.it\/fr\/#website\"},\"datePublished\":\"2025-08-13T15:08:34+00:00\",\"dateModified\":\"2026-01-14T11:05:13+00:00\",\"breadcrumb\":{\"@id\":\"https:\/\/www.parodieparodi.it\/fr\/demander-le-catalogue\/#breadcrumb\"},\"inLanguage\":\"fr-FR\",\"potentialAction\":[{\"@type\":\"ReadAction\",\"target\":[\"https:\/\/www.parodieparodi.it\/fr\/demander-le-catalogue\/\"]}]},{\"@type\":\"BreadcrumbList\",\"@id\":\"https:\/\/www.parodieparodi.it\/fr\/demander-le-catalogue\/#breadcrumb\",\"itemListElement\":[{\"@type\":\"ListItem\",\"position\":1,\"name\":\"Home\",\"item\":\"https:\/\/www.parodieparodi.it\/fr\/\"},{\"@type\":\"ListItem\",\"position\":2,\"name\":\"DEMANDER LE CATALOGUE\"}]},{\"@type\":\"WebSite\",\"@id\":\"https:\/\/www.parodieparodi.it\/fr\/#website\",\"url\":\"https:\/\/www.parodieparodi.it\/fr\/\",\"name\":\"Parodi & Parodi\",\"description\":\"\",\"publisher\":{\"@id\":\"https:\/\/www.parodieparodi.it\/fr\/#organization\"},\"potentialAction\":[{\"@type\":\"SearchAction\",\"target\":{\"@type\":\"EntryPoint\",\"urlTemplate\":\"https:\/\/www.parodieparodi.it\/fr\/?s={search_term_string}\"},\"query-input\":{\"@type\":\"PropertyValueSpecification\",\"valueRequired\":true,\"valueName\":\"search_term_string\"}}],\"inLanguage\":\"fr-FR\"},{\"@type\":\"Organization\",\"@id\":\"https:\/\/www.parodieparodi.it\/fr\/#organization\",\"name\":\"Parodi & Parodi\",\"url\":\"https:\/\/www.parodieparodi.it\/fr\/\",\"logo\":{\"@type\":\"ImageObject\",\"inLanguage\":\"fr-FR\",\"@id\":\"https:\/\/www.parodieparodi.it\/fr\/#\/schema\/logo\/image\/\",\"url\":\"https:\/\/www.parodieparodi.it\/wp-content\/uploads\/2025\/06\/logo_parodiparodi.png\",\"contentUrl\":\"https:\/\/www.parodieparodi.it\/wp-content\/uploads\/2025\/06\/logo_parodiparodi.png\",\"width\":141,\"height\":111,\"caption\":\"Parodi & Parodi\"},\"image\":{\"@id\":\"https:\/\/www.parodieparodi.it\/fr\/#\/schema\/logo\/image\/\"},\"sameAs\":[\"https:\/\/www.facebook.com\/parodieparodi\",\"https:\/\/www.linkedin.com\/company\/parodieparodi\/\",\"https:\/\/www.instagram.com\/parodieparodidal1969\/\"]}]}<\/script>\n<!-- \/ Yoast SEO plugin. -->","yoast_head_json":{"title":"DEMANDER LE CATALOGUE - Parodi &amp; Parodi","robots":{"index":"index","follow":"follow","max-snippet":"max-snippet:-1","max-image-preview":"max-image-preview:large","max-video-preview":"max-video-preview:-1"},"canonical":"https:\/\/www.parodieparodi.it\/fr\/demander-le-catalogue\/","og_locale":"fr_FR","og_type":"article","og_title":"DEMANDER LE CATALOGUE - Parodi &amp; Parodi","og_description":"Compl\u00e9tez ce formulaire pour demander notre catalogue. Veuillez remplir tous les champs obligatoires.Nous vous r\u00e9pondrons d\u00e8s que possible. La soumission de ce formulaire implique le consentement au traitement de vos donn\u00e9es conform\u00e9ment aux lois applicables sur la protection des donn\u00e9es.Lisez les informations sur la confidentialit\u00e9 de notre site.","og_url":"https:\/\/www.parodieparodi.it\/fr\/demander-le-catalogue\/","og_site_name":"Parodi &amp; Parodi","article_publisher":"https:\/\/www.facebook.com\/parodieparodi","article_modified_time":"2026-01-14T11:05:13+00:00","og_image":[{"width":1200,"height":675,"url":"https:\/\/www.parodieparodi.it\/wp-content\/uploads\/2025\/10\/share.jpg","type":"image\/jpeg"}],"twitter_card":"summary_large_image","schema":{"@context":"https:\/\/schema.org","@graph":[{"@type":"WebPage","@id":"https:\/\/www.parodieparodi.it\/fr\/demander-le-catalogue\/","url":"https:\/\/www.parodieparodi.it\/fr\/demander-le-catalogue\/","name":"DEMANDER LE CATALOGUE - Parodi &amp; Parodi","isPartOf":{"@id":"https:\/\/www.parodieparodi.it\/fr\/#website"},"datePublished":"2025-08-13T15:08:34+00:00","dateModified":"2026-01-14T11:05:13+00:00","breadcrumb":{"@id":"https:\/\/www.parodieparodi.it\/fr\/demander-le-catalogue\/#breadcrumb"},"inLanguage":"fr-FR","potentialAction":[{"@type":"ReadAction","target":["https:\/\/www.parodieparodi.it\/fr\/demander-le-catalogue\/"]}]},{"@type":"BreadcrumbList","@id":"https:\/\/www.parodieparodi.it\/fr\/demander-le-catalogue\/#breadcrumb","itemListElement":[{"@type":"ListItem","position":1,"name":"Home","item":"https:\/\/www.parodieparodi.it\/fr\/"},{"@type":"ListItem","position":2,"name":"DEMANDER LE CATALOGUE"}]},{"@type":"WebSite","@id":"https:\/\/www.parodieparodi.it\/fr\/#website","url":"https:\/\/www.parodieparodi.it\/fr\/","name":"Parodi & Parodi","description":"","publisher":{"@id":"https:\/\/www.parodieparodi.it\/fr\/#organization"},"potentialAction":[{"@type":"SearchAction","target":{"@type":"EntryPoint","urlTemplate":"https:\/\/www.parodieparodi.it\/fr\/?s={search_term_string}"},"query-input":{"@type":"PropertyValueSpecification","valueRequired":true,"valueName":"search_term_string"}}],"inLanguage":"fr-FR"},{"@type":"Organization","@id":"https:\/\/www.parodieparodi.it\/fr\/#organization","name":"Parodi & Parodi","url":"https:\/\/www.parodieparodi.it\/fr\/","logo":{"@type":"ImageObject","inLanguage":"fr-FR","@id":"https:\/\/www.parodieparodi.it\/fr\/#\/schema\/logo\/image\/","url":"https:\/\/www.parodieparodi.it\/wp-content\/uploads\/2025\/06\/logo_parodiparodi.png","contentUrl":"https:\/\/www.parodieparodi.it\/wp-content\/uploads\/2025\/06\/logo_parodiparodi.png","width":141,"height":111,"caption":"Parodi & Parodi"},"image":{"@id":"https:\/\/www.parodieparodi.it\/fr\/#\/schema\/logo\/image\/"},"sameAs":["https:\/\/www.facebook.com\/parodieparodi","https:\/\/www.linkedin.com\/company\/parodieparodi\/","https:\/\/www.instagram.com\/parodieparodidal1969\/"]}]}},"_links":{"self":[{"href":"https:\/\/www.parodieparodi.it\/fr\/wp-json\/wp\/v2\/pages\/1225","targetHints":{"allow":["GET"]}}],"collection":[{"href":"https:\/\/www.parodieparodi.it\/fr\/wp-json\/wp\/v2\/pages"}],"about":[{"href":"https:\/\/www.parodieparodi.it\/fr\/wp-json\/wp\/v2\/types\/page"}],"author":[{"embeddable":true,"href":"https:\/\/www.parodieparodi.it\/fr\/wp-json\/wp\/v2\/users\/1"}],"replies":[{"embeddable":true,"href":"https:\/\/www.parodieparodi.it\/fr\/wp-json\/wp\/v2\/comments?post=1225"}],"version-history":[{"count":1,"href":"https:\/\/www.parodieparodi.it\/fr\/wp-json\/wp\/v2\/pages\/1225\/revisions"}],"predecessor-version":[{"id":1226,"href":"https:\/\/www.parodieparodi.it\/fr\/wp-json\/wp\/v2\/pages\/1225\/revisions\/1226"}],"wp:attachment":[{"href":"https:\/\/www.parodieparodi.it\/fr\/wp-json\/wp\/v2\/media?parent=1225"}],"curies":[{"name":"wp","href":"https:\/\/api.w.org\/{rel}","templated":true}]}}