{"id":1219,"date":"2025-08-13T17:07:08","date_gmt":"2025-08-13T15:07:08","guid":{"rendered":"https:\/\/www.parodieparodi.it\/travaillez-avec-nous\/"},"modified":"2026-01-14T11:59:32","modified_gmt":"2026-01-14T10:59:32","slug":"travaillez-avec-nous","status":"publish","type":"page","link":"https:\/\/www.parodieparodi.it\/fr\/travaillez-avec-nous\/","title":{"rendered":"TRAVAILLEZ AVEC NOUS"},"content":{"rendered":"\t\t<div data-elementor-type=\"wp-page\" data-elementor-id=\"1219\" class=\"elementor elementor-1219 elementor-167\" data-elementor-post-type=\"page\">\n\t\t\t\t<div class=\"elementor-element elementor-element-c5f5906 e-flex e-con-boxed e-con e-parent\" data-id=\"c5f5906\" data-element_type=\"container\">\n\t\t\t\t\t<div class=\"e-con-inner\">\n\t\t<div class=\"elementor-element elementor-element-3512578 e-con-full e-flex e-con e-child\" data-id=\"3512578\" data-element_type=\"container\">\n\t\t\t\t<div class=\"elementor-element elementor-element-a2376c8 elementor-widget elementor-widget-text-editor\" data-id=\"a2376c8\" data-element_type=\"widget\" data-widget_type=\"text-editor.default\">\n\t\t\t\t<div class=\"elementor-widget-container\">\n\t\t\t\t\t\t\t\t\t<p><strong>Parodi &amp; Parodi s.r.l.<\/strong><\/p>\n<p>Via Martiri della Libert\u00e0, 303 r. | 16014 Campomorone | Genova (IT)<\/p>\n<p>tel. +39 010 780621 \/ 010 7856095 fax. +39 010 780641<\/p>\n<p>Email: <a href=\"mailto:contact@parodieparodi.it\">contact@parodieparodi.it<\/a><\/p>\n<p>Compl\u00e9tez ce formulaire pour nous demander des informations. <em>Veuillez remplir tous les champs obligatoires.<\/em><\/p>\n<p>Merci de votre int\u00e9r\u00eat. Nous vous recontacterons d\u00e8s que possible.<\/p>\n\t\t\t\t\t\t\t\t<\/div>\n\t\t\t\t<\/div>\n\t\t\t\t<\/div>\n\t\t<div class=\"elementor-element elementor-element-6452ce6 e-con-full e-flex e-con e-child\" data-id=\"6452ce6\" data-element_type=\"container\">\n\t\t\t\t<div class=\"elementor-element elementor-element-3a2e16e elementor-button-align-start elementor-widget elementor-widget-form\" data-id=\"3a2e16e\" data-element_type=\"widget\" data-settings=\"{&quot;step_next_label&quot;:&quot;Successivo&quot;,&quot;step_previous_label&quot;:&quot;Precedente&quot;,&quot;button_width&quot;:&quot;100&quot;,&quot;step_type&quot;:&quot;number_text&quot;,&quot;step_icon_shape&quot;:&quot;circle&quot;}\" data-widget_type=\"form.default\">\n\t\t\t\t<div class=\"elementor-widget-container\">\n\t\t\t\t\t\t\t<form class=\"elementor-form\" method=\"post\" name=\"lavora con noi\" aria-label=\"lavora con noi\">\n\t\t\t<input type=\"hidden\" name=\"post_id\" value=\"1219\"\/>\n\t\t\t<input type=\"hidden\" name=\"form_id\" value=\"3a2e16e\"\/>\n\t\t\t<input type=\"hidden\" name=\"referer_title\" value=\"TRAVAILLEZ AVEC NOUS - Parodi &amp; Parodi\" \/>\n\n\t\t\t\t\t\t\t<input type=\"hidden\" name=\"queried_id\" value=\"1219\"\/>\n\t\t\t\n\t\t\t<div class=\"elementor-form-fields-wrapper elementor-labels-above\">\n\t\t\t\t\t\t\t\t<div class=\"elementor-field-type-text elementor-field-group elementor-column elementor-field-group-name elementor-col-100\">\n\t\t\t\t\t\t\t\t\t\t\t\t<label for=\"form-field-name\" class=\"elementor-field-label\">\n\t\t\t\t\t\t\t\tNom et pr\u00e9nom \t\t\t\t\t\t\t<\/label>\n\t\t\t\t\t\t\t\t\t\t\t\t\t\t<input size=\"1\" type=\"text\" name=\"form_fields[name]\" id=\"form-field-name\" class=\"elementor-field elementor-size-sm  elementor-field-textual\" placeholder=\"Nom et pr\u00e9nom \">\n\t\t\t\t\t\t\t\t\t\t\t<\/div>\n\t\t\t\t\t\t\t\t<div class=\"elementor-field-type-email elementor-field-group elementor-column elementor-field-group-email elementor-col-100 elementor-field-required\">\n\t\t\t\t\t\t\t\t\t\t\t\t<label for=\"form-field-email\" class=\"elementor-field-label\">\n\t\t\t\t\t\t\t\tEmail\t\t\t\t\t\t\t<\/label>\n\t\t\t\t\t\t\t\t\t\t\t\t\t\t<input size=\"1\" type=\"email\" name=\"form_fields[email]\" id=\"form-field-email\" class=\"elementor-field elementor-size-sm  elementor-field-textual\" placeholder=\"Email\" required=\"required\">\n\t\t\t\t\t\t\t\t\t\t\t<\/div>\n\t\t\t\t\t\t\t\t<div class=\"elementor-field-type-text elementor-field-group elementor-column elementor-field-group-field_053cb84 elementor-col-100\">\n\t\t\t\t\t\t\t\t\t\t\t\t<label for=\"form-field-field_053cb84\" class=\"elementor-field-label\">\n\t\t\t\t\t\t\t\tAdresse \t\t\t\t\t\t\t<\/label>\n\t\t\t\t\t\t\t\t\t\t\t\t\t\t<input size=\"1\" type=\"text\" name=\"form_fields[field_053cb84]\" id=\"form-field-field_053cb84\" class=\"elementor-field elementor-size-sm  elementor-field-textual\" placeholder=\"Adresse \">\n\t\t\t\t\t\t\t\t\t\t\t<\/div>\n\t\t\t\t\t\t\t\t<div class=\"elementor-field-type-text elementor-field-group elementor-column elementor-field-group-field_6180be5 elementor-col-100\">\n\t\t\t\t\t\t\t\t\t\t\t\t<label for=\"form-field-field_6180be5\" class=\"elementor-field-label\">\n\t\t\t\t\t\t\t\tCode Postal - Ville - R\u00e9gion \t\t\t\t\t\t\t<\/label>\n\t\t\t\t\t\t\t\t\t\t\t\t\t\t<input size=\"1\" type=\"text\" name=\"form_fields[field_6180be5]\" id=\"form-field-field_6180be5\" class=\"elementor-field elementor-size-sm  elementor-field-textual\" placeholder=\"Code Postal - Ville - R\u00e9gion \">\n\t\t\t\t\t\t\t\t\t\t\t<\/div>\n\t\t\t\t\t\t\t\t<div class=\"elementor-field-type-tel elementor-field-group elementor-column elementor-field-group-field_7f10182 elementor-col-100\">\n\t\t\t\t\t\t\t\t\t\t\t\t<label for=\"form-field-field_7f10182\" class=\"elementor-field-label\">\n\t\t\t\t\t\t\t\tT\u00e9l\u00e9phone\t\t\t\t\t\t\t<\/label>\n\t\t\t\t\t\t\t\t<input size=\"1\" type=\"tel\" name=\"form_fields[field_7f10182]\" id=\"form-field-field_7f10182\" class=\"elementor-field elementor-size-sm  elementor-field-textual\" placeholder=\"T\u00e9l\u00e9phone\" pattern=\"[0-9()#&amp;+*-=.]+\" title=\"Seuls les caract\u00e8res de num\u00e9ros de t\u00e9l\u00e9phone (#, -, *, etc.) sont accept\u00e9s.\">\n\n\t\t\t\t\t\t<\/div>\n\t\t\t\t\t\t\t\t<div class=\"elementor-field-type-upload elementor-field-group elementor-column elementor-field-group-field_ef8baba elementor-col-100 elementor-field-required\">\n\t\t\t\t\t\t\t\t\t\t\t\t<label for=\"form-field-field_ef8baba\" class=\"elementor-field-label\">\n\t\t\t\t\t\t\t\tEnvoyez-nous votre CV. Taille maximale par fichier : 2 MB.\t\t\t\t\t\t\t<\/label>\n\t\t\t\t\t\t\t\t<input type=\"file\" name=\"form_fields[field_ef8baba]\" id=\"form-field-field_ef8baba\" class=\"elementor-field elementor-size-sm  elementor-upload-field\" required=\"required\" data-maxsize=\"5\" data-maxsize-message=\"Ce fichier d\u00e9passe la taille maximale autoris\u00e9e.\">\n\n\t\t\t\t\t\t<\/div>\n\t\t\t\t\t\t\t\t<div class=\"elementor-field-type-textarea elementor-field-group elementor-column elementor-field-group-message elementor-col-100\">\n\t\t\t\t\t\t\t\t\t\t\t\t<label for=\"form-field-message\" class=\"elementor-field-label\">\n\t\t\t\t\t\t\t\tMessage\t\t\t\t\t\t\t<\/label>\n\t\t\t\t\t\t<textarea class=\"elementor-field-textual elementor-field  elementor-size-sm\" name=\"form_fields[message]\" id=\"form-field-message\" rows=\"4\" placeholder=\"Message\"><\/textarea>\t\t\t\t<\/div>\n\t\t\t\t\t\t\t\t<div class=\"elementor-field-type-text\">\n\t\t\t\t\t<input size=\"1\" type=\"text\" name=\"form_fields[field_14aa17a]\" id=\"form-field-field_14aa17a\" class=\"elementor-field elementor-size-sm \" style=\"display:none !important;\">\t\t\t\t<\/div>\n\t\t\t\t\t\t\t\t<div class=\"elementor-field-type-acceptance elementor-field-group elementor-column elementor-field-group-field_b6b8c88 elementor-col-100\">\n\t\t\t\t\t\t\t<div class=\"elementor-field-subgroup\">\n\t\t\t<span class=\"elementor-field-option\">\n\t\t\t\t<input type=\"checkbox\" name=\"form_fields[field_b6b8c88]\" id=\"form-field-field_b6b8c88\" class=\"elementor-field elementor-size-sm  elementor-acceptance-field\">\n\t\t\t\t<label for=\"form-field-field_b6b8c88\">J'autorise le traitement de mes donn\u00e9es conform\u00e9ment \u00e0 notre <a href=\"https:\/\/www.parodieparodi.it\/wp-content\/uploads\/2025\/08\/informativa_parodieparodi.pdf\" target=\"_black\">politique de confidentialit\u00e9<\/a>.<\/label>\t\t\t<\/span>\n\t\t<\/div>\n\t\t\t\t\t\t<\/div>\n\t\t\t\t\t\t\t\t<div class=\"elementor-field-group elementor-column elementor-field-type-submit elementor-col-100 e-form__buttons\">\n\t\t\t\t\t<button class=\"elementor-button elementor-size-sm\" type=\"submit\">\n\t\t\t\t\t\t<span class=\"elementor-button-content-wrapper\">\n\t\t\t\t\t\t\t\t\t\t\t\t\t\t\t\t\t\t\t\t\t\t<span class=\"elementor-button-text\">Envoie<\/span>\n\t\t\t\t\t\t\t\t\t\t\t\t\t<\/span>\n\t\t\t\t\t<\/button>\n\t\t\t\t<\/div>\n\t\t\t<\/div>\n\t\t<\/form>\n\t\t\t\t\t\t<\/div>\n\t\t\t\t<\/div>\n\t\t\t\t<\/div>\n\t\t\t\t\t<\/div>\n\t\t\t\t<\/div>\n\t\t\t\t<\/div>\n\t\t","protected":false},"excerpt":{"rendered":"<p>Parodi &amp; Parodi s.r.l. Via Martiri della Libert\u00e0, 303 r. | 16014 Campomorone | Genova (IT) tel. +39 010 780621 \/ 010 7856095 fax. +39 010 780641 Email: contact@parodieparodi.it Compl\u00e9tez ce formulaire pour nous demander des informations. Veuillez remplir tous les champs obligatoires. Merci de votre int\u00e9r\u00eat. Nous vous recontacterons d\u00e8s que possible.<\/p>\n","protected":false},"author":1,"featured_media":0,"parent":0,"menu_order":0,"comment_status":"closed","ping_status":"closed","template":"","meta":{"footnotes":""},"class_list":["post-1219","page","type-page","status-publish","hentry"],"yoast_head":"<!-- This site is optimized with the Yoast SEO plugin v26.1.1 - https:\/\/yoast.com\/wordpress\/plugins\/seo\/ -->\n<title>TRAVAILLEZ AVEC NOUS - Parodi &amp; Parodi<\/title>\n<meta name=\"robots\" content=\"index, follow, max-snippet:-1, max-image-preview:large, max-video-preview:-1\" \/>\n<link rel=\"canonical\" href=\"https:\/\/www.parodieparodi.it\/fr\/travaillez-avec-nous\/\" \/>\n<meta property=\"og:locale\" content=\"fr_FR\" \/>\n<meta property=\"og:type\" content=\"article\" \/>\n<meta property=\"og:title\" content=\"TRAVAILLEZ AVEC NOUS - Parodi &amp; Parodi\" \/>\n<meta property=\"og:description\" content=\"Parodi &amp; Parodi s.r.l. Via Martiri della Libert\u00e0, 303 r. | 16014 Campomorone | Genova (IT) tel. +39 010 780621 \/ 010 7856095 fax. +39 010 780641 Email: contact@parodieparodi.it Compl\u00e9tez ce formulaire pour nous demander des informations. Veuillez remplir tous les champs obligatoires. Merci de votre int\u00e9r\u00eat. Nous vous recontacterons d\u00e8s que possible.\" \/>\n<meta property=\"og:url\" content=\"https:\/\/www.parodieparodi.it\/fr\/travaillez-avec-nous\/\" \/>\n<meta property=\"og:site_name\" content=\"Parodi &amp; Parodi\" \/>\n<meta property=\"article:publisher\" content=\"https:\/\/www.facebook.com\/parodieparodi\" \/>\n<meta property=\"article:modified_time\" content=\"2026-01-14T10:59:32+00:00\" \/>\n<meta property=\"og:image\" content=\"https:\/\/www.parodieparodi.it\/wp-content\/uploads\/2025\/10\/share.jpg\" \/>\n\t<meta property=\"og:image:width\" content=\"1200\" \/>\n\t<meta property=\"og:image:height\" content=\"675\" \/>\n\t<meta property=\"og:image:type\" content=\"image\/jpeg\" \/>\n<meta name=\"twitter:card\" content=\"summary_large_image\" \/>\n<script type=\"application\/ld+json\" class=\"yoast-schema-graph\">{\"@context\":\"https:\/\/schema.org\",\"@graph\":[{\"@type\":\"WebPage\",\"@id\":\"https:\/\/www.parodieparodi.it\/fr\/travaillez-avec-nous\/\",\"url\":\"https:\/\/www.parodieparodi.it\/fr\/travaillez-avec-nous\/\",\"name\":\"TRAVAILLEZ AVEC NOUS - Parodi &amp; Parodi\",\"isPartOf\":{\"@id\":\"https:\/\/www.parodieparodi.it\/fr\/#website\"},\"datePublished\":\"2025-08-13T15:07:08+00:00\",\"dateModified\":\"2026-01-14T10:59:32+00:00\",\"breadcrumb\":{\"@id\":\"https:\/\/www.parodieparodi.it\/fr\/travaillez-avec-nous\/#breadcrumb\"},\"inLanguage\":\"fr-FR\",\"potentialAction\":[{\"@type\":\"ReadAction\",\"target\":[\"https:\/\/www.parodieparodi.it\/fr\/travaillez-avec-nous\/\"]}]},{\"@type\":\"BreadcrumbList\",\"@id\":\"https:\/\/www.parodieparodi.it\/fr\/travaillez-avec-nous\/#breadcrumb\",\"itemListElement\":[{\"@type\":\"ListItem\",\"position\":1,\"name\":\"Home\",\"item\":\"https:\/\/www.parodieparodi.it\/fr\/\"},{\"@type\":\"ListItem\",\"position\":2,\"name\":\"TRAVAILLEZ AVEC NOUS\"}]},{\"@type\":\"WebSite\",\"@id\":\"https:\/\/www.parodieparodi.it\/fr\/#website\",\"url\":\"https:\/\/www.parodieparodi.it\/fr\/\",\"name\":\"Parodi & Parodi\",\"description\":\"\",\"publisher\":{\"@id\":\"https:\/\/www.parodieparodi.it\/fr\/#organization\"},\"potentialAction\":[{\"@type\":\"SearchAction\",\"target\":{\"@type\":\"EntryPoint\",\"urlTemplate\":\"https:\/\/www.parodieparodi.it\/fr\/?s={search_term_string}\"},\"query-input\":{\"@type\":\"PropertyValueSpecification\",\"valueRequired\":true,\"valueName\":\"search_term_string\"}}],\"inLanguage\":\"fr-FR\"},{\"@type\":\"Organization\",\"@id\":\"https:\/\/www.parodieparodi.it\/fr\/#organization\",\"name\":\"Parodi & Parodi\",\"url\":\"https:\/\/www.parodieparodi.it\/fr\/\",\"logo\":{\"@type\":\"ImageObject\",\"inLanguage\":\"fr-FR\",\"@id\":\"https:\/\/www.parodieparodi.it\/fr\/#\/schema\/logo\/image\/\",\"url\":\"https:\/\/www.parodieparodi.it\/wp-content\/uploads\/2025\/06\/logo_parodiparodi.png\",\"contentUrl\":\"https:\/\/www.parodieparodi.it\/wp-content\/uploads\/2025\/06\/logo_parodiparodi.png\",\"width\":141,\"height\":111,\"caption\":\"Parodi & Parodi\"},\"image\":{\"@id\":\"https:\/\/www.parodieparodi.it\/fr\/#\/schema\/logo\/image\/\"},\"sameAs\":[\"https:\/\/www.facebook.com\/parodieparodi\",\"https:\/\/www.linkedin.com\/company\/parodieparodi\/\",\"https:\/\/www.instagram.com\/parodieparodidal1969\/\"]}]}<\/script>\n<!-- \/ Yoast SEO plugin. -->","yoast_head_json":{"title":"TRAVAILLEZ AVEC NOUS - Parodi &amp; Parodi","robots":{"index":"index","follow":"follow","max-snippet":"max-snippet:-1","max-image-preview":"max-image-preview:large","max-video-preview":"max-video-preview:-1"},"canonical":"https:\/\/www.parodieparodi.it\/fr\/travaillez-avec-nous\/","og_locale":"fr_FR","og_type":"article","og_title":"TRAVAILLEZ AVEC NOUS - Parodi &amp; Parodi","og_description":"Parodi &amp; Parodi s.r.l. Via Martiri della Libert\u00e0, 303 r. | 16014 Campomorone | Genova (IT) tel. +39 010 780621 \/ 010 7856095 fax. +39 010 780641 Email: contact@parodieparodi.it Compl\u00e9tez ce formulaire pour nous demander des informations. Veuillez remplir tous les champs obligatoires. Merci de votre int\u00e9r\u00eat. Nous vous recontacterons d\u00e8s que possible.","og_url":"https:\/\/www.parodieparodi.it\/fr\/travaillez-avec-nous\/","og_site_name":"Parodi &amp; Parodi","article_publisher":"https:\/\/www.facebook.com\/parodieparodi","article_modified_time":"2026-01-14T10:59:32+00:00","og_image":[{"width":1200,"height":675,"url":"https:\/\/www.parodieparodi.it\/wp-content\/uploads\/2025\/10\/share.jpg","type":"image\/jpeg"}],"twitter_card":"summary_large_image","schema":{"@context":"https:\/\/schema.org","@graph":[{"@type":"WebPage","@id":"https:\/\/www.parodieparodi.it\/fr\/travaillez-avec-nous\/","url":"https:\/\/www.parodieparodi.it\/fr\/travaillez-avec-nous\/","name":"TRAVAILLEZ AVEC NOUS - Parodi &amp; Parodi","isPartOf":{"@id":"https:\/\/www.parodieparodi.it\/fr\/#website"},"datePublished":"2025-08-13T15:07:08+00:00","dateModified":"2026-01-14T10:59:32+00:00","breadcrumb":{"@id":"https:\/\/www.parodieparodi.it\/fr\/travaillez-avec-nous\/#breadcrumb"},"inLanguage":"fr-FR","potentialAction":[{"@type":"ReadAction","target":["https:\/\/www.parodieparodi.it\/fr\/travaillez-avec-nous\/"]}]},{"@type":"BreadcrumbList","@id":"https:\/\/www.parodieparodi.it\/fr\/travaillez-avec-nous\/#breadcrumb","itemListElement":[{"@type":"ListItem","position":1,"name":"Home","item":"https:\/\/www.parodieparodi.it\/fr\/"},{"@type":"ListItem","position":2,"name":"TRAVAILLEZ AVEC NOUS"}]},{"@type":"WebSite","@id":"https:\/\/www.parodieparodi.it\/fr\/#website","url":"https:\/\/www.parodieparodi.it\/fr\/","name":"Parodi & Parodi","description":"","publisher":{"@id":"https:\/\/www.parodieparodi.it\/fr\/#organization"},"potentialAction":[{"@type":"SearchAction","target":{"@type":"EntryPoint","urlTemplate":"https:\/\/www.parodieparodi.it\/fr\/?s={search_term_string}"},"query-input":{"@type":"PropertyValueSpecification","valueRequired":true,"valueName":"search_term_string"}}],"inLanguage":"fr-FR"},{"@type":"Organization","@id":"https:\/\/www.parodieparodi.it\/fr\/#organization","name":"Parodi & Parodi","url":"https:\/\/www.parodieparodi.it\/fr\/","logo":{"@type":"ImageObject","inLanguage":"fr-FR","@id":"https:\/\/www.parodieparodi.it\/fr\/#\/schema\/logo\/image\/","url":"https:\/\/www.parodieparodi.it\/wp-content\/uploads\/2025\/06\/logo_parodiparodi.png","contentUrl":"https:\/\/www.parodieparodi.it\/wp-content\/uploads\/2025\/06\/logo_parodiparodi.png","width":141,"height":111,"caption":"Parodi & Parodi"},"image":{"@id":"https:\/\/www.parodieparodi.it\/fr\/#\/schema\/logo\/image\/"},"sameAs":["https:\/\/www.facebook.com\/parodieparodi","https:\/\/www.linkedin.com\/company\/parodieparodi\/","https:\/\/www.instagram.com\/parodieparodidal1969\/"]}]}},"_links":{"self":[{"href":"https:\/\/www.parodieparodi.it\/fr\/wp-json\/wp\/v2\/pages\/1219","targetHints":{"allow":["GET"]}}],"collection":[{"href":"https:\/\/www.parodieparodi.it\/fr\/wp-json\/wp\/v2\/pages"}],"about":[{"href":"https:\/\/www.parodieparodi.it\/fr\/wp-json\/wp\/v2\/types\/page"}],"author":[{"embeddable":true,"href":"https:\/\/www.parodieparodi.it\/fr\/wp-json\/wp\/v2\/users\/1"}],"replies":[{"embeddable":true,"href":"https:\/\/www.parodieparodi.it\/fr\/wp-json\/wp\/v2\/comments?post=1219"}],"version-history":[{"count":1,"href":"https:\/\/www.parodieparodi.it\/fr\/wp-json\/wp\/v2\/pages\/1219\/revisions"}],"predecessor-version":[{"id":1220,"href":"https:\/\/www.parodieparodi.it\/fr\/wp-json\/wp\/v2\/pages\/1219\/revisions\/1220"}],"wp:attachment":[{"href":"https:\/\/www.parodieparodi.it\/fr\/wp-json\/wp\/v2\/media?parent=1219"}],"curies":[{"name":"wp","href":"https:\/\/api.w.org\/{rel}","templated":true}]}}