{"id":1122,"date":"2025-08-13T17:05:50","date_gmt":"2025-08-13T15:05:50","guid":{"rendered":"https:\/\/www.parodieparodi.it\/servicios\/"},"modified":"2026-01-14T11:23:22","modified_gmt":"2026-01-14T10:23:22","slug":"servicios","status":"publish","type":"page","link":"https:\/\/www.parodieparodi.it\/es\/servicios\/","title":{"rendered":"Servicios"},"content":{"rendered":"\t\t<div data-elementor-type=\"wp-page\" data-elementor-id=\"1122\" class=\"elementor elementor-1122 elementor-161\" data-elementor-post-type=\"page\">\n\t\t\t\t<div class=\"elementor-element elementor-element-db48231 e-flex e-con-boxed e-con e-parent\" data-id=\"db48231\" data-element_type=\"container\">\n\t\t\t\t\t<div class=\"e-con-inner\">\n\t\t<div class=\"elementor-element elementor-element-f08345d e-con-full e-flex e-con e-child\" data-id=\"f08345d\" data-element_type=\"container\">\n\t\t\t\t<div class=\"elementor-element elementor-element-6d853c2 elementor-widget elementor-widget-image\" data-id=\"6d853c2\" data-element_type=\"widget\" data-widget_type=\"image.default\">\n\t\t\t\t<div class=\"elementor-widget-container\">\n\t\t\t\t\t\t\t\t\t\t\t\t\t\t\t<img fetchpriority=\"high\" decoding=\"async\" width=\"299\" height=\"200\" src=\"https:\/\/www.parodieparodi.it\/wp-content\/uploads\/2025\/08\/trasp_espositori.png\" class=\"attachment-full size-full wp-image-1119\" alt=\"\" \/>\t\t\t\t\t\t\t\t\t\t\t\t\t\t\t<\/div>\n\t\t\t\t<\/div>\n\t\t\t\t<\/div>\n\t\t<div class=\"elementor-element elementor-element-70dcd0f e-con-full e-flex e-con e-child\" data-id=\"70dcd0f\" data-element_type=\"container\">\n\t\t\t\t<div class=\"elementor-element elementor-element-b41d27f elementor-widget elementor-widget-heading\" data-id=\"b41d27f\" data-element_type=\"widget\" data-widget_type=\"heading.default\">\n\t\t\t\t<div class=\"elementor-widget-container\">\n\t\t\t\t\t<h2 class=\"elementor-heading-title elementor-size-default\">Servicios<\/h2>\t\t\t\t<\/div>\n\t\t\t\t<\/div>\n\t\t\t\t<div class=\"elementor-element elementor-element-ff8cfad elementor-widget elementor-widget-heading\" data-id=\"ff8cfad\" data-element_type=\"widget\" data-widget_type=\"heading.default\">\n\t\t\t\t<div class=\"elementor-widget-container\">\n\t\t\t\t\t<h3 class=\"elementor-heading-title elementor-size-default\">La base de nuestro negocio<\/h3>\t\t\t\t<\/div>\n\t\t\t\t<\/div>\n\t\t\t\t<div class=\"elementor-element elementor-element-579097e elementor-widget elementor-widget-text-editor\" data-id=\"579097e\" data-element_type=\"widget\" data-widget_type=\"text-editor.default\">\n\t\t\t\t<div class=\"elementor-widget-container\">\n\t\t\t\t\t\t\t\t\t<p>Siempre hemos centrado las necesidades del cliente, ofreciendo un servicio que combina escucha, soluciones espec\u00edficas y entregas puntuales. Apoyamos no s\u00f3lo a los puntos de venta con nuestra presencia constante sobre el terreno, sino que tambi\u00e9n estamos cerca del consumidor final: quien compra nuestro art\u00edculo sabe que puede contar con un servicio atento, listo para escuchar y responder a cada necesidad.<\/p>\n\t\t\t\t\t\t\t\t<\/div>\n\t\t\t\t<\/div>\n\t\t\t\t<\/div>\n\t\t\t\t\t<\/div>\n\t\t\t\t<\/div>\n\t\t<div class=\"elementor-element elementor-element-667cc8b e-flex e-con-boxed e-con e-parent\" data-id=\"667cc8b\" data-element_type=\"container\">\n\t\t\t\t\t<div class=\"e-con-inner\">\n\t\t<div class=\"elementor-element elementor-element-9c62e4d e-con-full e-flex e-con e-child\" data-id=\"9c62e4d\" data-element_type=\"container\">\n\t\t\t\t<div class=\"elementor-element elementor-element-2c530ab elementor-widget elementor-widget-heading\" data-id=\"2c530ab\" data-element_type=\"widget\" data-widget_type=\"heading.default\">\n\t\t\t\t<div class=\"elementor-widget-container\">\n\t\t\t\t\t<h2 class=\"elementor-heading-title elementor-size-default\">Merchandising<\/h2>\t\t\t\t<\/div>\n\t\t\t\t<\/div>\n\t\t\t\t<div class=\"elementor-element elementor-element-3d37298 elementor-widget elementor-widget-heading\" data-id=\"3d37298\" data-element_type=\"widget\" data-widget_type=\"heading.default\">\n\t\t\t\t<div class=\"elementor-widget-container\">\n\t\t\t\t\t<h3 class=\"elementor-heading-title elementor-size-default\">Nuestros agentes, nuestras presentaciones<\/h3>\t\t\t\t<\/div>\n\t\t\t\t<\/div>\n\t\t\t\t<div class=\"elementor-element elementor-element-237629d elementor-widget elementor-widget-text-editor\" data-id=\"237629d\" data-element_type=\"widget\" data-widget_type=\"text-editor.default\">\n\t\t\t\t<div class=\"elementor-widget-container\">\n\t\t\t\t\t\t\t\t\t<p>Una extensa red de representantes que ofrecen servicio completo en la recopilaci\u00f3n de pedidos, exhibici\u00f3n de mercanc\u00eda y orientaci\u00f3n experta al cliente sobre el mejor surtido.<br \/>Los pedidos se cumplen en pocos d\u00edas despu\u00e9s de recibirse con entrega en todo el territorio. La re-facturaci\u00f3n electr\u00f3nica est\u00e1 disponible bajo solicitud.<br \/>Contamos con una vasta gama de expositores en varios materiales y tama\u00f1os para presentar mercanc\u00eda en puntos de venta. Seg\u00fan los requerimientos de espacio, siempre encontramos la soluci\u00f3n adecuada para exhibir productos de manera efectiva. Nuestro equipo de ventas sobre el terreno cuidar\u00e1 cada detalle de tu rinc\u00f3n Parodi &#038; Parodi.<\/p>\n\t\t\t\t\t\t\t\t<\/div>\n\t\t\t\t<\/div>\n\t\t\t\t<\/div>\n\t\t<div class=\"elementor-element elementor-element-b68df2a e-con-full e-flex e-con e-child\" data-id=\"b68df2a\" data-element_type=\"container\">\n\t\t\t\t<div class=\"elementor-element elementor-element-9c98af5 elementor-widget elementor-widget-image\" data-id=\"9c98af5\" data-element_type=\"widget\" data-widget_type=\"image.default\">\n\t\t\t\t<div class=\"elementor-widget-container\">\n\t\t\t\t\t\t\t\t\t\t\t\t\t\t\t<img decoding=\"async\" width=\"213\" height=\"600\" src=\"https:\/\/www.parodieparodi.it\/wp-content\/uploads\/2025\/08\/espositore_grande_stiro_01.jpg\" class=\"attachment-large size-large wp-image-1120\" alt=\"\" srcset=\"https:\/\/www.parodieparodi.it\/wp-content\/uploads\/2025\/08\/espositore_grande_stiro_01.jpg 213w, https:\/\/www.parodieparodi.it\/wp-content\/uploads\/2025\/08\/espositore_grande_stiro_01-107x300.jpg 107w\" sizes=\"(max-width: 213px) 100vw, 213px\" \/>\t\t\t\t\t\t\t\t\t\t\t\t\t\t\t<\/div>\n\t\t\t\t<\/div>\n\t\t\t\t<\/div>\n\t\t\t\t\t<\/div>\n\t\t\t\t<\/div>\n\t\t<div class=\"elementor-element elementor-element-431691f e-flex e-con-boxed e-con e-parent\" data-id=\"431691f\" data-element_type=\"container\">\n\t\t\t\t\t<div class=\"e-con-inner\">\n\t\t<div class=\"elementor-element elementor-element-273d185 e-con-full e-flex e-con e-child\" data-id=\"273d185\" data-element_type=\"container\">\n\t\t\t\t<div class=\"elementor-element elementor-element-76404f5 elementor-widget elementor-widget-image\" data-id=\"76404f5\" data-element_type=\"widget\" data-widget_type=\"image.default\">\n\t\t\t\t<div class=\"elementor-widget-container\">\n\t\t\t\t\t\t\t\t\t\t\t\t\t\t\t<img decoding=\"async\" width=\"293\" height=\"210\" src=\"https:\/\/www.parodieparodi.it\/wp-content\/uploads\/2025\/08\/logistica_parodi_parodi.jpg\" class=\"attachment-full size-full wp-image-1121\" alt=\"\" \/>\t\t\t\t\t\t\t\t\t\t\t\t\t\t\t<\/div>\n\t\t\t\t<\/div>\n\t\t\t\t<\/div>\n\t\t<div class=\"elementor-element elementor-element-6812fb6 e-con-full e-flex e-con e-child\" data-id=\"6812fb6\" data-element_type=\"container\">\n\t\t\t\t<div class=\"elementor-element elementor-element-749b98c elementor-widget elementor-widget-heading\" data-id=\"749b98c\" data-element_type=\"widget\" data-widget_type=\"heading.default\">\n\t\t\t\t<div class=\"elementor-widget-container\">\n\t\t\t\t\t<h2 class=\"elementor-heading-title elementor-size-default\">Log\u00edstica<\/h2>\t\t\t\t<\/div>\n\t\t\t\t<\/div>\n\t\t\t\t<div class=\"elementor-element elementor-element-2318915 elementor-widget elementor-widget-text-editor\" data-id=\"2318915\" data-element_type=\"widget\" data-widget_type=\"text-editor.default\">\n\t\t\t\t<div class=\"elementor-widget-container\">\n\t\t\t\t\t\t\t\t\t<p>Nuestro nuevo almac\u00e9n permite a P&#038;P una amplia capacidad de cumplimiento de pedidos. La unidad log\u00edstica se ubica cerca de nuestra sede hist\u00f3rica de Campomorone. Las visitas a ambas instalaciones est\u00e1n disponibles bajo cita previa.<\/p>\n\t\t\t\t\t\t\t\t<\/div>\n\t\t\t\t<\/div>\n\t\t\t\t<\/div>\n\t\t\t\t\t<\/div>\n\t\t\t\t<\/div>\n\t\t\t\t<\/div>\n\t\t","protected":false},"excerpt":{"rendered":"<p>Servicios La base de nuestro negocio Siempre hemos centrado las necesidades del cliente, ofreciendo un servicio que combina escucha, soluciones espec\u00edficas y entregas puntuales. Apoyamos no s\u00f3lo a los puntos de venta con nuestra presencia constante sobre el terreno, sino que tambi\u00e9n estamos cerca del consumidor final: quien compra nuestro art\u00edculo sabe que puede contar [&hellip;]<\/p>\n","protected":false},"author":1,"featured_media":0,"parent":0,"menu_order":0,"comment_status":"closed","ping_status":"closed","template":"","meta":{"footnotes":""},"class_list":["post-1122","page","type-page","status-publish","hentry"],"yoast_head":"<!-- This site is optimized with the Yoast SEO plugin v26.1.1 - https:\/\/yoast.com\/wordpress\/plugins\/seo\/ -->\n<title>Servicios - Parodi &amp; Parodi<\/title>\n<meta name=\"robots\" content=\"index, follow, max-snippet:-1, max-image-preview:large, max-video-preview:-1\" \/>\n<link rel=\"canonical\" href=\"https:\/\/www.parodieparodi.it\/es\/servicios\/\" \/>\n<meta property=\"og:locale\" content=\"es_ES\" \/>\n<meta property=\"og:type\" content=\"article\" \/>\n<meta property=\"og:title\" content=\"Servicios - Parodi &amp; Parodi\" \/>\n<meta property=\"og:description\" content=\"Servicios La base de nuestro negocio Siempre hemos centrado las necesidades del cliente, ofreciendo un servicio que combina escucha, soluciones espec\u00edficas y entregas puntuales. Apoyamos no s\u00f3lo a los puntos de venta con nuestra presencia constante sobre el terreno, sino que tambi\u00e9n estamos cerca del consumidor final: quien compra nuestro art\u00edculo sabe que puede contar [&hellip;]\" \/>\n<meta property=\"og:url\" content=\"https:\/\/www.parodieparodi.it\/es\/servicios\/\" \/>\n<meta property=\"og:site_name\" content=\"Parodi &amp; Parodi\" \/>\n<meta property=\"article:publisher\" content=\"https:\/\/www.facebook.com\/parodieparodi\" \/>\n<meta property=\"article:modified_time\" content=\"2026-01-14T10:23:22+00:00\" \/>\n<meta property=\"og:image\" content=\"https:\/\/www.parodieparodi.it\/wp-content\/uploads\/2025\/08\/trasp_espositori.png\" \/>\n\t<meta property=\"og:image:width\" content=\"299\" \/>\n\t<meta property=\"og:image:height\" content=\"200\" \/>\n\t<meta property=\"og:image:type\" content=\"image\/png\" \/>\n<meta name=\"twitter:card\" content=\"summary_large_image\" \/>\n<meta name=\"twitter:label1\" content=\"Tiempo de lectura\" \/>\n\t<meta name=\"twitter:data1\" content=\"1 minuto\" \/>\n<script type=\"application\/ld+json\" class=\"yoast-schema-graph\">{\"@context\":\"https:\/\/schema.org\",\"@graph\":[{\"@type\":\"WebPage\",\"@id\":\"https:\/\/www.parodieparodi.it\/es\/servicios\/\",\"url\":\"https:\/\/www.parodieparodi.it\/es\/servicios\/\",\"name\":\"Servicios - Parodi &amp; Parodi\",\"isPartOf\":{\"@id\":\"https:\/\/www.parodieparodi.it\/es\/#website\"},\"primaryImageOfPage\":{\"@id\":\"https:\/\/www.parodieparodi.it\/es\/servicios\/#primaryimage\"},\"image\":{\"@id\":\"https:\/\/www.parodieparodi.it\/es\/servicios\/#primaryimage\"},\"thumbnailUrl\":\"https:\/\/www.parodieparodi.it\/wp-content\/uploads\/2025\/08\/trasp_espositori.png\",\"datePublished\":\"2025-08-13T15:05:50+00:00\",\"dateModified\":\"2026-01-14T10:23:22+00:00\",\"breadcrumb\":{\"@id\":\"https:\/\/www.parodieparodi.it\/es\/servicios\/#breadcrumb\"},\"inLanguage\":\"es\",\"potentialAction\":[{\"@type\":\"ReadAction\",\"target\":[\"https:\/\/www.parodieparodi.it\/es\/servicios\/\"]}]},{\"@type\":\"ImageObject\",\"inLanguage\":\"es\",\"@id\":\"https:\/\/www.parodieparodi.it\/es\/servicios\/#primaryimage\",\"url\":\"https:\/\/www.parodieparodi.it\/wp-content\/uploads\/2025\/08\/trasp_espositori.png\",\"contentUrl\":\"https:\/\/www.parodieparodi.it\/wp-content\/uploads\/2025\/08\/trasp_espositori.png\"},{\"@type\":\"BreadcrumbList\",\"@id\":\"https:\/\/www.parodieparodi.it\/es\/servicios\/#breadcrumb\",\"itemListElement\":[{\"@type\":\"ListItem\",\"position\":1,\"name\":\"Home\",\"item\":\"https:\/\/www.parodieparodi.it\/es\/\"},{\"@type\":\"ListItem\",\"position\":2,\"name\":\"Servicios\"}]},{\"@type\":\"WebSite\",\"@id\":\"https:\/\/www.parodieparodi.it\/es\/#website\",\"url\":\"https:\/\/www.parodieparodi.it\/es\/\",\"name\":\"Parodi & Parodi\",\"description\":\"\",\"publisher\":{\"@id\":\"https:\/\/www.parodieparodi.it\/es\/#organization\"},\"potentialAction\":[{\"@type\":\"SearchAction\",\"target\":{\"@type\":\"EntryPoint\",\"urlTemplate\":\"https:\/\/www.parodieparodi.it\/es\/?s={search_term_string}\"},\"query-input\":{\"@type\":\"PropertyValueSpecification\",\"valueRequired\":true,\"valueName\":\"search_term_string\"}}],\"inLanguage\":\"es\"},{\"@type\":\"Organization\",\"@id\":\"https:\/\/www.parodieparodi.it\/es\/#organization\",\"name\":\"Parodi & Parodi\",\"url\":\"https:\/\/www.parodieparodi.it\/es\/\",\"logo\":{\"@type\":\"ImageObject\",\"inLanguage\":\"es\",\"@id\":\"https:\/\/www.parodieparodi.it\/es\/#\/schema\/logo\/image\/\",\"url\":\"https:\/\/www.parodieparodi.it\/wp-content\/uploads\/2025\/06\/logo_parodiparodi.png\",\"contentUrl\":\"https:\/\/www.parodieparodi.it\/wp-content\/uploads\/2025\/06\/logo_parodiparodi.png\",\"width\":141,\"height\":111,\"caption\":\"Parodi & Parodi\"},\"image\":{\"@id\":\"https:\/\/www.parodieparodi.it\/es\/#\/schema\/logo\/image\/\"},\"sameAs\":[\"https:\/\/www.facebook.com\/parodieparodi\",\"https:\/\/www.linkedin.com\/company\/parodieparodi\/\",\"https:\/\/www.instagram.com\/parodieparodidal1969\/\"]}]}<\/script>\n<!-- \/ Yoast SEO plugin. -->","yoast_head_json":{"title":"Servicios - Parodi &amp; Parodi","robots":{"index":"index","follow":"follow","max-snippet":"max-snippet:-1","max-image-preview":"max-image-preview:large","max-video-preview":"max-video-preview:-1"},"canonical":"https:\/\/www.parodieparodi.it\/es\/servicios\/","og_locale":"es_ES","og_type":"article","og_title":"Servicios - Parodi &amp; Parodi","og_description":"Servicios La base de nuestro negocio Siempre hemos centrado las necesidades del cliente, ofreciendo un servicio que combina escucha, soluciones espec\u00edficas y entregas puntuales. Apoyamos no s\u00f3lo a los puntos de venta con nuestra presencia constante sobre el terreno, sino que tambi\u00e9n estamos cerca del consumidor final: quien compra nuestro art\u00edculo sabe que puede contar [&hellip;]","og_url":"https:\/\/www.parodieparodi.it\/es\/servicios\/","og_site_name":"Parodi &amp; Parodi","article_publisher":"https:\/\/www.facebook.com\/parodieparodi","article_modified_time":"2026-01-14T10:23:22+00:00","og_image":[{"width":299,"height":200,"url":"https:\/\/www.parodieparodi.it\/wp-content\/uploads\/2025\/08\/trasp_espositori.png","type":"image\/png"}],"twitter_card":"summary_large_image","twitter_misc":{"Tiempo de lectura":"1 minuto"},"schema":{"@context":"https:\/\/schema.org","@graph":[{"@type":"WebPage","@id":"https:\/\/www.parodieparodi.it\/es\/servicios\/","url":"https:\/\/www.parodieparodi.it\/es\/servicios\/","name":"Servicios - Parodi &amp; Parodi","isPartOf":{"@id":"https:\/\/www.parodieparodi.it\/es\/#website"},"primaryImageOfPage":{"@id":"https:\/\/www.parodieparodi.it\/es\/servicios\/#primaryimage"},"image":{"@id":"https:\/\/www.parodieparodi.it\/es\/servicios\/#primaryimage"},"thumbnailUrl":"https:\/\/www.parodieparodi.it\/wp-content\/uploads\/2025\/08\/trasp_espositori.png","datePublished":"2025-08-13T15:05:50+00:00","dateModified":"2026-01-14T10:23:22+00:00","breadcrumb":{"@id":"https:\/\/www.parodieparodi.it\/es\/servicios\/#breadcrumb"},"inLanguage":"es","potentialAction":[{"@type":"ReadAction","target":["https:\/\/www.parodieparodi.it\/es\/servicios\/"]}]},{"@type":"ImageObject","inLanguage":"es","@id":"https:\/\/www.parodieparodi.it\/es\/servicios\/#primaryimage","url":"https:\/\/www.parodieparodi.it\/wp-content\/uploads\/2025\/08\/trasp_espositori.png","contentUrl":"https:\/\/www.parodieparodi.it\/wp-content\/uploads\/2025\/08\/trasp_espositori.png"},{"@type":"BreadcrumbList","@id":"https:\/\/www.parodieparodi.it\/es\/servicios\/#breadcrumb","itemListElement":[{"@type":"ListItem","position":1,"name":"Home","item":"https:\/\/www.parodieparodi.it\/es\/"},{"@type":"ListItem","position":2,"name":"Servicios"}]},{"@type":"WebSite","@id":"https:\/\/www.parodieparodi.it\/es\/#website","url":"https:\/\/www.parodieparodi.it\/es\/","name":"Parodi & Parodi","description":"","publisher":{"@id":"https:\/\/www.parodieparodi.it\/es\/#organization"},"potentialAction":[{"@type":"SearchAction","target":{"@type":"EntryPoint","urlTemplate":"https:\/\/www.parodieparodi.it\/es\/?s={search_term_string}"},"query-input":{"@type":"PropertyValueSpecification","valueRequired":true,"valueName":"search_term_string"}}],"inLanguage":"es"},{"@type":"Organization","@id":"https:\/\/www.parodieparodi.it\/es\/#organization","name":"Parodi & Parodi","url":"https:\/\/www.parodieparodi.it\/es\/","logo":{"@type":"ImageObject","inLanguage":"es","@id":"https:\/\/www.parodieparodi.it\/es\/#\/schema\/logo\/image\/","url":"https:\/\/www.parodieparodi.it\/wp-content\/uploads\/2025\/06\/logo_parodiparodi.png","contentUrl":"https:\/\/www.parodieparodi.it\/wp-content\/uploads\/2025\/06\/logo_parodiparodi.png","width":141,"height":111,"caption":"Parodi & Parodi"},"image":{"@id":"https:\/\/www.parodieparodi.it\/es\/#\/schema\/logo\/image\/"},"sameAs":["https:\/\/www.facebook.com\/parodieparodi","https:\/\/www.linkedin.com\/company\/parodieparodi\/","https:\/\/www.instagram.com\/parodieparodidal1969\/"]}]}},"_links":{"self":[{"href":"https:\/\/www.parodieparodi.it\/es\/wp-json\/wp\/v2\/pages\/1122","targetHints":{"allow":["GET"]}}],"collection":[{"href":"https:\/\/www.parodieparodi.it\/es\/wp-json\/wp\/v2\/pages"}],"about":[{"href":"https:\/\/www.parodieparodi.it\/es\/wp-json\/wp\/v2\/types\/page"}],"author":[{"embeddable":true,"href":"https:\/\/www.parodieparodi.it\/es\/wp-json\/wp\/v2\/users\/1"}],"replies":[{"embeddable":true,"href":"https:\/\/www.parodieparodi.it\/es\/wp-json\/wp\/v2\/comments?post=1122"}],"version-history":[{"count":1,"href":"https:\/\/www.parodieparodi.it\/es\/wp-json\/wp\/v2\/pages\/1122\/revisions"}],"predecessor-version":[{"id":1123,"href":"https:\/\/www.parodieparodi.it\/es\/wp-json\/wp\/v2\/pages\/1122\/revisions\/1123"}],"wp:attachment":[{"href":"https:\/\/www.parodieparodi.it\/es\/wp-json\/wp\/v2\/media?parent=1122"}],"curies":[{"name":"wp","href":"https:\/\/api.w.org\/{rel}","templated":true}]}}